{"id":2009,"date":"2025-06-02T19:56:26","date_gmt":"2025-06-02T19:56:26","guid":{"rendered":"https:\/\/hostelachalay.com\/?page_id=2009"},"modified":"2026-02-19T13:58:17","modified_gmt":"2026-02-19T13:58:17","slug":"montana-y-trekking","status":"publish","type":"page","link":"https:\/\/hostelachalay.com\/en\/montana-y-trekking\/","title":{"rendered":"Monta\u00f1a y trekking"},"content":{"rendered":"<div data-elementor-type=\"wp-page\" data-elementor-id=\"2009\" class=\"elementor elementor-2009\" data-elementor-post-type=\"page\">\n\t\t\t\t<div class=\"elementor-element elementor-element-d8e142a e-con-full e-flex e-con e-parent\" data-id=\"d8e142a\" data-element_type=\"container\" data-settings=\"{&quot;background_background&quot;:&quot;classic&quot;}\">\n\t\t\t\t<div class=\"elementor-element elementor-element-5ed74c7 elementor-widget elementor-widget-heading\" data-id=\"5ed74c7\" data-element_type=\"widget\" data-widget_type=\"heading.default\">\n\t\t\t\t<div class=\"elementor-widget-container\">\n\t\t\t\t\t<h1 class=\"elementor-heading-title elementor-size-default\">Mountain and <span style=\"font-style:Italic;font-weight:bold\"> trekking<\/span><\/h1>\t\t\t\t<\/div>\n\t\t\t\t<\/div>\n\t\t\t\t<div class=\"elementor-element elementor-element-8f4aa21 elementor-view-default elementor-widget elementor-widget-icon\" data-id=\"8f4aa21\" data-element_type=\"widget\" data-widget_type=\"icon.default\">\n\t\t\t\t<div class=\"elementor-widget-container\">\n\t\t\t\t\t\t\t<div class=\"elementor-icon-wrapper\">\n\t\t\t<div class=\"elementor-icon\">\n\t\t\t<svg xmlns=\"http:\/\/www.w3.org\/2000\/svg\" width=\"56\" height=\"56\" viewbox=\"0 0 56 56\" fill=\"none\"><path d=\"M19.77 24.23L18 26L28 36L38 26L36.23 24.23L28 32.46L19.77 24.23Z\" fill=\"white\"><\/path><circle cx=\"28\" cy=\"28\" r=\"27\" stroke=\"white\" stroke-width=\"2\"><\/circle><\/svg>\t\t\t<\/div>\n\t\t<\/div>\n\t\t\t\t\t\t<\/div>\n\t\t\t\t<\/div>\n\t\t\t\t<\/div>\n\t\t<div class=\"elementor-element elementor-element-163887d e-con-full e-flex e-con e-parent\" data-id=\"163887d\" data-element_type=\"container\" data-settings=\"{&quot;background_background&quot;:&quot;classic&quot;}\">\n\t\t<div class=\"elementor-element elementor-element-1f57407 e-con-full e-flex e-con e-child\" data-id=\"1f57407\" data-element_type=\"container\">\n\t\t\t\t<div class=\"elementor-element elementor-element-2e9a824 elementor-widget elementor-widget-heading\" data-id=\"2e9a824\" data-element_type=\"widget\" data-widget_type=\"heading.default\">\n\t\t\t\t<div class=\"elementor-widget-container\">\n\t\t\t\t\t<h2 class=\"elementor-heading-title elementor-size-default\">Bariloche starts at your feet<\/h2>\t\t\t\t<\/div>\n\t\t\t\t<\/div>\n\t\t\t\t<div class=\"elementor-element elementor-element-a8bb453 elementor-widget elementor-widget-text-editor\" data-id=\"a8bb453\" data-element_type=\"widget\" data-widget_type=\"text-editor.default\">\n\t\t\t\t<div class=\"elementor-widget-container\">\n\t\t\t\t\t\t\t\t\t<p class=\"p1\">At Achalay we don't just give you a bed and a homemade breakfast.<br \/>We give you maps, real advice, hidden trails, and that motivation that makes you tie your shoelaces and go for a walk.<\/p>\t\t\t\t\t\t\t\t<\/div>\n\t\t\t\t<\/div>\n\t\t\t\t<\/div>\n\t\t<div class=\"elementor-element elementor-element-54e0e3a e-con-full e-flex e-con e-child\" data-id=\"54e0e3a\" data-element_type=\"container\">\n\t\t\t\t<div class=\"elementor-element elementor-element-612bd73 elementor-widget elementor-widget-heading\" data-id=\"612bd73\" data-element_type=\"widget\" data-widget_type=\"heading.default\">\n\t\t\t\t<div class=\"elementor-widget-container\">\n\t\t\t\t\t<h2 class=\"elementor-heading-title elementor-size-default\">We love the mountains.<\/h2>\t\t\t\t<\/div>\n\t\t\t\t<\/div>\n\t\t\t\t<div class=\"elementor-element elementor-element-1b41245 elementor-widget elementor-widget-text-editor\" data-id=\"1b41245\" data-element_type=\"widget\" data-widget_type=\"text-editor.default\">\n\t\t\t\t<div class=\"elementor-widget-container\">\n\t\t\t\t\t\t\t\t\t<p class=\"p1\">And if you're reading this, you probably are too.<\/p><p class=\"p1\">We know that not everyone comes with the same experience: some already bring walking sticks and a backpack ready; others, just the desire to start.<br \/>That's why we support you according to your level, your time, and your energy.<br \/>Without trying to sell you anything. With the truth of someone who went up, went down, got wet, and came back with a smile.<\/p>\t\t\t\t\t\t\t\t<\/div>\n\t\t\t\t<\/div>\n\t\t\t\t<\/div>\n\t\t\t\t<\/div>\n\t\t<div class=\"elementor-element elementor-element-7c694e0 e-flex e-con-boxed e-con e-parent\" data-id=\"7c694e0\" data-element_type=\"container\">\n\t\t\t\t\t<div class=\"e-con-inner\">\n\t\t\t\t<div class=\"elementor-element elementor-element-bb1e396 elementor-widget elementor-widget-heading\" data-id=\"bb1e396\" data-element_type=\"widget\" data-widget_type=\"heading.default\">\n\t\t\t\t<div class=\"elementor-widget-container\">\n\t\t\t\t\t<h2 class=\"elementor-heading-title elementor-size-default\">What can you do from Achalay?<\/h2>\t\t\t\t<\/div>\n\t\t\t\t<\/div>\n\t\t\t\t\t<\/div>\n\t\t\t\t<\/div>\n\t\t<div class=\"elementor-element elementor-element-06be742 e-flex e-con-boxed e-con e-parent\" data-id=\"06be742\" data-element_type=\"container\">\n\t\t\t\t\t<div class=\"e-con-inner\">\n\t\t<div class=\"elementor-element elementor-element-5ee1d63 e-con-full e-flex e-con e-child\" data-id=\"5ee1d63\" data-element_type=\"container\">\n\t\t<div class=\"elementor-element elementor-element-2a5e546 e-flex e-con-boxed e-con e-child\" data-id=\"2a5e546\" data-element_type=\"container\" data-settings=\"{&quot;background_background&quot;:&quot;classic&quot;}\">\n\t\t\t\t\t<div class=\"e-con-inner\">\n\t\t\t\t<div class=\"elementor-element elementor-element-95193dc elementor-widget elementor-widget-spacer\" data-id=\"95193dc\" data-element_type=\"widget\" data-widget_type=\"spacer.default\">\n\t\t\t\t<div class=\"elementor-widget-container\">\n\t\t\t\t\t\t\t<div class=\"elementor-spacer\">\n\t\t\t<div class=\"elementor-spacer-inner\"><\/div>\n\t\t<\/div>\n\t\t\t\t\t\t<\/div>\n\t\t\t\t<\/div>\n\t\t\t\t\t<\/div>\n\t\t\t\t<\/div>\n\t\t<div class=\"elementor-element elementor-element-dfbcc4c e-con-full e-flex e-con e-child\" data-id=\"dfbcc4c\" data-element_type=\"container\" data-settings=\"{&quot;background_background&quot;:&quot;classic&quot;}\">\n\t\t\t\t<div class=\"elementor-element elementor-element-503e6a3 elementor-widget elementor-widget-heading\" data-id=\"503e6a3\" data-element_type=\"widget\" data-widget_type=\"heading.default\">\n\t\t\t\t<div class=\"elementor-widget-container\">\n\t\t\t\t\t<h4 class=\"elementor-heading-title elementor-size-default\">\u2600 Short trails<\/h4>\t\t\t\t<\/div>\n\t\t\t\t<\/div>\n\t\t\t\t<\/div>\n\t\t<div class=\"elementor-element elementor-element-d7fda8b e-con-full e-flex e-con e-child\" data-id=\"d7fda8b\" data-element_type=\"container\" data-settings=\"{&quot;background_background&quot;:&quot;classic&quot;}\">\n\t\t<div class=\"elementor-element elementor-element-7b1617f e-flex e-con-boxed e-con e-child\" data-id=\"7b1617f\" data-element_type=\"container\">\n\t\t\t\t\t<div class=\"e-con-inner\">\n\t\t\t\t<div class=\"elementor-element elementor-element-401931d elementor-widget elementor-widget-text-editor\" data-id=\"401931d\" data-element_type=\"widget\" data-widget_type=\"text-editor.default\">\n\t\t\t\t<div class=\"elementor-widget-container\">\n\t\t\t\t\t\t\t\t\t<ul class=\"ul1\"><li class=\"li1\">Cerro Otto \u2013 Piedra de Habsburgo<\/li><li class=\"li1\">Cerro Campanario<\/li><li class=\"li1\">Circuito Chico \u2013 Cerrito Llao Llao<\/li><li class=\"li1\">Colonia Suiza \u2013 Goye<\/li><li class=\"li1\">Sendero al Mirador Brazo Tristeza<\/li><li>Playa Mu\u00f1oz<\/li><\/ul>\t\t\t\t\t\t\t\t<\/div>\n\t\t\t\t<\/div>\n\t\t\t\t\t<\/div>\n\t\t\t\t<\/div>\n\t\t\t\t<\/div>\n\t\t\t\t<\/div>\n\t\t<div class=\"elementor-element elementor-element-25db29e e-con-full e-flex e-con e-child\" data-id=\"25db29e\" data-element_type=\"container\">\n\t\t<div class=\"elementor-element elementor-element-8a472dd e-flex e-con-boxed e-con e-child\" data-id=\"8a472dd\" data-element_type=\"container\" data-settings=\"{&quot;background_background&quot;:&quot;classic&quot;}\">\n\t\t\t\t\t<div class=\"e-con-inner\">\n\t\t\t\t<div class=\"elementor-element elementor-element-c187b3f elementor-widget elementor-widget-spacer\" data-id=\"c187b3f\" data-element_type=\"widget\" data-widget_type=\"spacer.default\">\n\t\t\t\t<div class=\"elementor-widget-container\">\n\t\t\t\t\t\t\t<div class=\"elementor-spacer\">\n\t\t\t<div class=\"elementor-spacer-inner\"><\/div>\n\t\t<\/div>\n\t\t\t\t\t\t<\/div>\n\t\t\t\t<\/div>\n\t\t\t\t\t<\/div>\n\t\t\t\t<\/div>\n\t\t<div class=\"elementor-element elementor-element-a72a2fd e-con-full e-flex e-con e-child\" data-id=\"a72a2fd\" data-element_type=\"container\" data-settings=\"{&quot;background_background&quot;:&quot;classic&quot;}\">\n\t\t\t\t<div class=\"elementor-element elementor-element-6058e60 elementor-widget elementor-widget-heading\" data-id=\"6058e60\" data-element_type=\"widget\" data-widget_type=\"heading.default\">\n\t\t\t\t<div class=\"elementor-widget-container\">\n\t\t\t\t\t<h4 class=\"elementor-heading-title elementor-size-default\">\u26f0 Mountain shelters<\/h4>\t\t\t\t<\/div>\n\t\t\t\t<\/div>\n\t\t\t\t<\/div>\n\t\t<div class=\"elementor-element elementor-element-8f93369 e-con-full e-flex e-con e-child\" data-id=\"8f93369\" data-element_type=\"container\" data-settings=\"{&quot;background_background&quot;:&quot;classic&quot;}\">\n\t\t<div class=\"elementor-element elementor-element-b5bd42b e-flex e-con-boxed e-con e-child\" data-id=\"b5bd42b\" data-element_type=\"container\">\n\t\t\t\t\t<div class=\"e-con-inner\">\n\t\t\t\t<div class=\"elementor-element elementor-element-f559ff9 elementor-widget elementor-widget-text-editor\" data-id=\"f559ff9\" data-element_type=\"widget\" data-widget_type=\"text-editor.default\">\n\t\t\t\t<div class=\"elementor-widget-container\">\n\t\t\t\t\t\t\t\t\t<ul class=\"ul1\"><li class=\"li1\">Frey Refuge<\/li><li class=\"li1\">Jakob Refuge<\/li><li class=\"li1\">Refugio L\u00f3pez<\/li><li class=\"li1\">Laguna Negra<\/li><li class=\"li1\">Refugios Zona Tronador<\/li><\/ul>\t\t\t\t\t\t\t\t<\/div>\n\t\t\t\t<\/div>\n\t\t\t\t\t<\/div>\n\t\t\t\t<\/div>\n\t\t\t\t<\/div>\n\t\t\t\t<\/div>\n\t\t<div class=\"elementor-element elementor-element-e6331c1 e-con-full e-flex e-con e-child\" data-id=\"e6331c1\" data-element_type=\"container\">\n\t\t<div class=\"elementor-element elementor-element-53a50f5 e-flex e-con-boxed e-con e-child\" data-id=\"53a50f5\" data-element_type=\"container\" data-settings=\"{&quot;background_background&quot;:&quot;classic&quot;}\">\n\t\t\t\t\t<div class=\"e-con-inner\">\n\t\t\t\t<div class=\"elementor-element elementor-element-6f5a35b elementor-widget elementor-widget-spacer\" data-id=\"6f5a35b\" data-element_type=\"widget\" data-widget_type=\"spacer.default\">\n\t\t\t\t<div class=\"elementor-widget-container\">\n\t\t\t\t\t\t\t<div class=\"elementor-spacer\">\n\t\t\t<div class=\"elementor-spacer-inner\"><\/div>\n\t\t<\/div>\n\t\t\t\t\t\t<\/div>\n\t\t\t\t<\/div>\n\t\t\t\t\t<\/div>\n\t\t\t\t<\/div>\n\t\t<div class=\"elementor-element elementor-element-0113987 e-con-full e-flex e-con e-child\" data-id=\"0113987\" data-element_type=\"container\" data-settings=\"{&quot;background_background&quot;:&quot;classic&quot;}\">\n\t\t\t\t<div class=\"elementor-element elementor-element-a9a6538 elementor-widget elementor-widget-heading\" data-id=\"a9a6538\" data-element_type=\"widget\" data-widget_type=\"heading.default\">\n\t\t\t\t<div class=\"elementor-widget-container\">\n\t\t\t\t\t<h4 class=\"elementor-heading-title elementor-size-default\"> \u2766 Steppe and less touristy places<\/h4>\t\t\t\t<\/div>\n\t\t\t\t<\/div>\n\t\t\t\t<\/div>\n\t\t<div class=\"elementor-element elementor-element-0b66014 e-con-full e-flex e-con e-child\" data-id=\"0b66014\" data-element_type=\"container\" data-settings=\"{&quot;background_background&quot;:&quot;classic&quot;}\">\n\t\t<div class=\"elementor-element elementor-element-e4fd7e8 e-flex e-con-boxed e-con e-child\" data-id=\"e4fd7e8\" data-element_type=\"container\">\n\t\t\t\t\t<div class=\"e-con-inner\">\n\t\t\t\t<div class=\"elementor-element elementor-element-06d1cbd elementor-widget elementor-widget-text-editor\" data-id=\"06d1cbd\" data-element_type=\"widget\" data-widget_type=\"text-editor.default\">\n\t\t\t\t<div class=\"elementor-widget-container\">\n\t\t\t\t\t\t\t\t\t<ul><li>Cerro Villegas<\/li><li>Valle del Challhuaco<\/li><li>La Buitrera<\/li><li>Cerro Ventana<\/li><li>Area los C\u00e9sares\u00a0<\/li><\/ul>\t\t\t\t\t\t\t\t<\/div>\n\t\t\t\t<\/div>\n\t\t\t\t\t<\/div>\n\t\t\t\t<\/div>\n\t\t\t\t<\/div>\n\t\t\t\t<\/div>\n\t\t\t\t\t<\/div>\n\t\t\t\t<\/div>\n\t\t<div class=\"elementor-element elementor-element-9465144 e-con-full e-flex e-con e-parent\" data-id=\"9465144\" data-element_type=\"container\">\n\t\t<div class=\"elementor-element elementor-element-f43baae e-con-full e-flex e-con e-child\" data-id=\"f43baae\" data-element_type=\"container\">\n\t\t\t\t<div class=\"elementor-element elementor-element-4431104 elementor-widget elementor-widget-image\" data-id=\"4431104\" data-element_type=\"widget\" data-settings=\"{&quot;motion_fx_motion_fx_scrolling&quot;:&quot;yes&quot;,&quot;motion_fx_translateY_effect&quot;:&quot;yes&quot;,&quot;motion_fx_translateY_speed&quot;:{&quot;unit&quot;:&quot;px&quot;,&quot;size&quot;:1.6,&quot;sizes&quot;:[]},&quot;motion_fx_rotateZ_effect&quot;:&quot;yes&quot;,&quot;motion_fx_rotateZ_direction&quot;:&quot;negative&quot;,&quot;motion_fx_rotateZ_speed&quot;:{&quot;unit&quot;:&quot;px&quot;,&quot;size&quot;:0.2,&quot;sizes&quot;:[]},&quot;motion_fx_devices&quot;:[&quot;desktop&quot;,&quot;tablet&quot;],&quot;motion_fx_translateY_affectedRange&quot;:{&quot;unit&quot;:&quot;%&quot;,&quot;size&quot;:&quot;&quot;,&quot;sizes&quot;:{&quot;start&quot;:0,&quot;end&quot;:100}},&quot;motion_fx_rotateZ_affectedRange&quot;:{&quot;unit&quot;:&quot;%&quot;,&quot;size&quot;:&quot;&quot;,&quot;sizes&quot;:{&quot;start&quot;:0,&quot;end&quot;:100}}}\" data-widget_type=\"image.default\">\n\t\t\t\t<div class=\"elementor-widget-container\">\n\t\t\t\t\t\t\t\t\t\t\t\t\t\t\t<img fetchpriority=\"high\" decoding=\"async\" width=\"896\" height=\"1195\" src=\"https:\/\/hostelachalay.com\/wp-content\/uploads\/2025\/06\/amanecer-1.webp\" class=\"attachment-full size-full wp-image-2158\" alt=\"\" srcset=\"https:\/\/hostelachalay.com\/wp-content\/uploads\/2025\/06\/amanecer-1.webp 896w, https:\/\/hostelachalay.com\/wp-content\/uploads\/2025\/06\/amanecer-1-225x300.webp 225w, https:\/\/hostelachalay.com\/wp-content\/uploads\/2025\/06\/amanecer-1-768x1024.webp 768w, https:\/\/hostelachalay.com\/wp-content\/uploads\/2025\/06\/amanecer-1-9x12.webp 9w\" sizes=\"(max-width: 896px) 100vw, 896px\" \/>\t\t\t\t\t\t\t\t\t\t\t\t\t\t\t<\/div>\n\t\t\t\t<\/div>\n\t\t\t\t<div class=\"elementor-element elementor-element-da110ad elementor-absolute elementor-widget elementor-widget-image\" data-id=\"da110ad\" data-element_type=\"widget\" data-settings=\"{&quot;motion_fx_motion_fx_scrolling&quot;:&quot;yes&quot;,&quot;motion_fx_translateY_effect&quot;:&quot;yes&quot;,&quot;motion_fx_translateY_speed&quot;:{&quot;unit&quot;:&quot;px&quot;,&quot;size&quot;:1.6,&quot;sizes&quot;:[]},&quot;motion_fx_rotateZ_effect&quot;:&quot;yes&quot;,&quot;motion_fx_rotateZ_direction&quot;:&quot;negative&quot;,&quot;motion_fx_rotateZ_speed&quot;:{&quot;unit&quot;:&quot;px&quot;,&quot;size&quot;:0.2,&quot;sizes&quot;:[]},&quot;motion_fx_devices&quot;:[&quot;desktop&quot;,&quot;tablet&quot;],&quot;_position&quot;:&quot;absolute&quot;,&quot;motion_fx_translateY_affectedRange&quot;:{&quot;unit&quot;:&quot;%&quot;,&quot;size&quot;:&quot;&quot;,&quot;sizes&quot;:{&quot;start&quot;:0,&quot;end&quot;:100}},&quot;motion_fx_rotateZ_affectedRange&quot;:{&quot;unit&quot;:&quot;%&quot;,&quot;size&quot;:&quot;&quot;,&quot;sizes&quot;:{&quot;start&quot;:0,&quot;end&quot;:100}}}\" data-widget_type=\"image.default\">\n\t\t\t\t<div class=\"elementor-widget-container\">\n\t\t\t\t\t\t\t\t\t\t\t\t\t\t\t<img decoding=\"async\" width=\"850\" height=\"1133\" src=\"https:\/\/hostelachalay.com\/wp-content\/uploads\/2025\/06\/5-lagunas-1-1.webp\" class=\"attachment-full size-full wp-image-2156\" alt=\"\" srcset=\"https:\/\/hostelachalay.com\/wp-content\/uploads\/2025\/06\/5-lagunas-1-1.webp 850w, https:\/\/hostelachalay.com\/wp-content\/uploads\/2025\/06\/5-lagunas-1-1-225x300.webp 225w, https:\/\/hostelachalay.com\/wp-content\/uploads\/2025\/06\/5-lagunas-1-1-768x1024.webp 768w, https:\/\/hostelachalay.com\/wp-content\/uploads\/2025\/06\/5-lagunas-1-1-9x12.webp 9w\" sizes=\"(max-width: 850px) 100vw, 850px\" \/>\t\t\t\t\t\t\t\t\t\t\t\t\t\t\t<\/div>\n\t\t\t\t<\/div>\n\t\t\t\t<div class=\"elementor-element elementor-element-e9796ce elementor-absolute elementor-widget elementor-widget-image\" data-id=\"e9796ce\" data-element_type=\"widget\" data-settings=\"{&quot;motion_fx_motion_fx_scrolling&quot;:&quot;yes&quot;,&quot;motion_fx_translateY_effect&quot;:&quot;yes&quot;,&quot;motion_fx_translateY_speed&quot;:{&quot;unit&quot;:&quot;px&quot;,&quot;size&quot;:1.6,&quot;sizes&quot;:[]},&quot;motion_fx_rotateZ_effect&quot;:&quot;yes&quot;,&quot;motion_fx_rotateZ_direction&quot;:&quot;negative&quot;,&quot;motion_fx_rotateZ_speed&quot;:{&quot;unit&quot;:&quot;px&quot;,&quot;size&quot;:0.2,&quot;sizes&quot;:[]},&quot;motion_fx_devices&quot;:[&quot;desktop&quot;,&quot;tablet&quot;],&quot;_position&quot;:&quot;absolute&quot;,&quot;motion_fx_translateY_affectedRange&quot;:{&quot;unit&quot;:&quot;%&quot;,&quot;size&quot;:&quot;&quot;,&quot;sizes&quot;:{&quot;start&quot;:0,&quot;end&quot;:100}},&quot;motion_fx_rotateZ_affectedRange&quot;:{&quot;unit&quot;:&quot;%&quot;,&quot;size&quot;:&quot;&quot;,&quot;sizes&quot;:{&quot;start&quot;:0,&quot;end&quot;:100}}}\" data-widget_type=\"image.default\">\n\t\t\t\t<div class=\"elementor-widget-container\">\n\t\t\t\t\t\t\t\t\t\t\t\t\t\t\t<img decoding=\"async\" width=\"760\" height=\"1013\" src=\"https:\/\/hostelachalay.com\/wp-content\/uploads\/2025\/06\/villegas.webp\" class=\"attachment-full size-full wp-image-2159\" alt=\"\" srcset=\"https:\/\/hostelachalay.com\/wp-content\/uploads\/2025\/06\/villegas.webp 760w, https:\/\/hostelachalay.com\/wp-content\/uploads\/2025\/06\/villegas-225x300.webp 225w, https:\/\/hostelachalay.com\/wp-content\/uploads\/2025\/06\/villegas-9x12.webp 9w\" sizes=\"(max-width: 760px) 100vw, 760px\" \/>\t\t\t\t\t\t\t\t\t\t\t\t\t\t\t<\/div>\n\t\t\t\t<\/div>\n\t\t\t\t<\/div>\n\t\t<div class=\"elementor-element elementor-element-4f5f2b6 e-con-full e-flex e-con e-child\" data-id=\"4f5f2b6\" data-element_type=\"container\">\n\t\t\t\t<div class=\"elementor-element elementor-element-2dc21e4 elementor-widget elementor-widget-heading\" data-id=\"2dc21e4\" data-element_type=\"widget\" data-widget_type=\"heading.default\">\n\t\t\t\t<div class=\"elementor-widget-container\">\n\t\t\t\t\t<h2 class=\"elementor-heading-title elementor-size-default\">Did you know that\u2026?<\/h2>\t\t\t\t<\/div>\n\t\t\t\t<\/div>\n\t\t\t\t<div class=\"elementor-element elementor-element-2a715a9 elementor-widget elementor-widget-text-editor\" data-id=\"2a715a9\" data-element_type=\"widget\" data-widget_type=\"text-editor.default\">\n\t\t\t\t<div class=\"elementor-widget-container\">\n\t\t\t\t\t\t\t\t\t<ul class=\"ul1\"><li class=\"li1\">We give weekly talks about trails.<\/li><li class=\"li1\">We go for walks every week, so we always have up-to-date information<\/li><li class=\"li1\">We have a <b>internal mountain group<\/b> where we share up-to-date information, weather, equipment, maps and experiences.<\/li><\/ul>\t\t\t\t\t\t\t\t<\/div>\n\t\t\t\t<\/div>\n\t\t\t\t<div class=\"elementor-element elementor-element-bbc5215 elementor-widget elementor-widget-heading\" data-id=\"bbc5215\" data-element_type=\"widget\" data-widget_type=\"heading.default\">\n\t\t\t\t<div class=\"elementor-widget-container\">\n\t\t\t\t\t<h2 class=\"elementor-heading-title elementor-size-default\">Walk freely, rest with family<\/h2>\t\t\t\t<\/div>\n\t\t\t\t<\/div>\n\t\t\t\t<div class=\"elementor-element elementor-element-ad1028b elementor-widget elementor-widget-text-editor\" data-id=\"ad1028b\" data-element_type=\"widget\" data-widget_type=\"text-editor.default\">\n\t\t\t\t<div class=\"elementor-widget-container\">\n\t\t\t\t\t\t\t\t\t<p class=\"p1\">Whether you come for the trekking, the forest, the snow or the silence, in Achalay you will find much more than recommendations.<br \/>You will find <b>people who understand what you came looking for<\/b>.<\/p>\t\t\t\t\t\t\t\t<\/div>\n\t\t\t\t<\/div>\n\t\t\t\t<\/div>\n\t\t\t\t<\/div>\n\t\t<div class=\"elementor-element elementor-element-30c15ef e-con-full e-flex e-con e-parent\" data-id=\"30c15ef\" data-element_type=\"container\">\n\t\t\t\t<div class=\"elementor-element elementor-element-55e506d elementor-widget elementor-widget-heading\" data-id=\"55e506d\" data-element_type=\"widget\" data-widget_type=\"heading.default\">\n\t\t\t\t<div class=\"elementor-widget-container\">\n\t\t\t\t\t<h1 class=\"elementor-heading-title elementor-size-default\">Trekking map<\/h1>\t\t\t\t<\/div>\n\t\t\t\t<\/div>\n\t\t\t\t<div class=\"elementor-element elementor-element-93e746a elementor-widget__width-initial elementor-widget-mobile__width-initial elementor-widget elementor-widget-text-editor\" data-id=\"93e746a\" data-element_type=\"widget\" data-widget_type=\"text-editor.default\">\n\t\t\t\t<div class=\"elementor-widget-container\">\n\t\t\t\t\t\t\t\t\t<p>Before leaving, it is mandatory to complete the Trekking Registration (it's free), by accessing the link on the button below.<\/p>\t\t\t\t\t\t\t\t<\/div>\n\t\t\t\t<\/div>\n\t\t\t\t<div class=\"elementor-element elementor-element-9441251 elementor-mobile-align-center elementor-widget elementor-widget-button\" data-id=\"9441251\" data-element_type=\"widget\" data-widget_type=\"button.default\">\n\t\t\t\t<div class=\"elementor-widget-container\">\n\t\t\t\t\t\t\t\t\t<div class=\"elementor-button-wrapper\">\n\t\t\t\t\t<a class=\"elementor-button elementor-button-link elementor-size-sm\" href=\"https:\/\/docs.google.com\/forms\/d\/e\/1FAIpQLSedUQo2aL2znLnWbRLzQN4eCKncoTYtNvlNq0kv-iz71YUeCQ\/viewform\" target=\"_blank\">\n\t\t\t\t\t\t<span class=\"elementor-button-content-wrapper\">\n\t\t\t\t\t\t\t\t\t<span class=\"elementor-button-text\">Trekking Log<\/span>\n\t\t\t\t\t<\/span>\n\t\t\t\t\t<\/a>\n\t\t\t\t<\/div>\n\t\t\t\t\t\t\t\t<\/div>\n\t\t\t\t<\/div>\n\t\t\t\t<div class=\"elementor-element elementor-element-6d57980 elementor-widget elementor-widget-html\" data-id=\"6d57980\" data-element_type=\"widget\" data-widget_type=\"html.default\">\n\t\t\t\t<div class=\"elementor-widget-container\">\n\t\t\t\t\t<iframe \n  src=\"https:\/\/barilochetrekking.com\/mapa-general.html\" \n  width=\"100%\" \n  height=\"600\" \n  style=\"border:0;\" \n  loading=\"lazy\">\n<\/iframe>\t\t\t\t<\/div>\n\t\t\t\t<\/div>\n\t\t\t\t<div class=\"elementor-element elementor-element-ed2cde0 elementor-widget elementor-widget-heading\" data-id=\"ed2cde0\" data-element_type=\"widget\" data-widget_type=\"heading.default\">\n\t\t\t\t<div class=\"elementor-widget-container\">\n\t\t\t\t\t<h2 class=\"elementor-heading-title elementor-size-default\">Before heading out into the mountains...<\/h2>\t\t\t\t<\/div>\n\t\t\t\t<\/div>\n\t\t\t\t<div class=\"elementor-element elementor-element-0525012 elementor-widget elementor-widget-text-editor\" data-id=\"0525012\" data-element_type=\"widget\" data-widget_type=\"text-editor.default\">\n\t\t\t\t<div class=\"elementor-widget-container\">\n\t\t\t\t\t\t\t\t\t<p class=\"p1\">Exploring the trails of Bariloche is an unforgettable experience, but it also requires preparation and awareness.<\/p><p class=\"p1\">Before each outing, we recommend:<\/p><ul class=\"ul1\"><li class=\"li1\">Check the weather forecast, as conditions can change rapidly in Patagonia.<\/li><li class=\"li1\">Carry a backpack with enough water, energy food and warm clothing, even if the day seems mild.<\/li><li class=\"li1\">Wear footwear and clothing appropriate for the type of trail you will be hiking.<\/li><li class=\"li1\">Remember that it is strictly forbidden to make fires inside the National Park.<\/li><li class=\"li1\">Plan your route and check the level of difficulty.<\/li><\/ul><p class=\"p1\">At Achalay, we're here to help: if you have any questions about the trails, the weather, or what to bring, stop by reception or write to us. We'll share maps, tips, and everything we know so you can enjoy the mountains safely.<\/p><p class=\"p1\"><b>IMPORTANT:<\/b> Completing the Trekking Registration is mandatory (it's free). Access the link using the button below.<\/p>\t\t\t\t\t\t\t\t<\/div>\n\t\t\t\t<\/div>\n\t\t\t\t<div class=\"elementor-element elementor-element-2cd28e5 elementor-widget elementor-widget-button\" data-id=\"2cd28e5\" data-element_type=\"widget\" data-widget_type=\"button.default\">\n\t\t\t\t<div class=\"elementor-widget-container\">\n\t\t\t\t\t\t\t\t\t<div class=\"elementor-button-wrapper\">\n\t\t\t\t\t<a class=\"elementor-button elementor-button-link elementor-size-sm\" href=\"https:\/\/docs.google.com\/forms\/d\/e\/1FAIpQLSedUQo2aL2znLnWbRLzQN4eCKncoTYtNvlNq0kv-iz71YUeCQ\/viewform\" target=\"_blank\">\n\t\t\t\t\t\t<span class=\"elementor-button-content-wrapper\">\n\t\t\t\t\t\t\t\t\t<span class=\"elementor-button-text\">Trekking Log<\/span>\n\t\t\t\t\t<\/span>\n\t\t\t\t\t<\/a>\n\t\t\t\t<\/div>\n\t\t\t\t\t\t\t\t<\/div>\n\t\t\t\t<\/div>\n\t\t\t\t<\/div>\n\t\t\t\t<\/div>","protected":false},"excerpt":{"rendered":"<p>Monta\u00f1a y trekking Bariloche empieza en tus pies En Achalay no solo te damos una cama y un desayuno casero.Te damos mapas, consejos reales, senderos escondidos y esa motivaci\u00f3n que te hace atarte los cordones y salir a caminar. Amamos la monta\u00f1a. Y si est\u00e1s leyendo esto, probablemente vos tambi\u00e9n. Sabemos que no todos vienen [&hellip;]<\/p>","protected":false},"author":2,"featured_media":0,"parent":0,"menu_order":0,"comment_status":"closed","ping_status":"closed","template":"","meta":{"footnotes":""},"class_list":["post-2009","page","type-page","status-publish","hentry"],"_links":{"self":[{"href":"https:\/\/hostelachalay.com\/en\/wp-json\/wp\/v2\/pages\/2009","targetHints":{"allow":["GET"]}}],"collection":[{"href":"https:\/\/hostelachalay.com\/en\/wp-json\/wp\/v2\/pages"}],"about":[{"href":"https:\/\/hostelachalay.com\/en\/wp-json\/wp\/v2\/types\/page"}],"author":[{"embeddable":true,"href":"https:\/\/hostelachalay.com\/en\/wp-json\/wp\/v2\/users\/2"}],"replies":[{"embeddable":true,"href":"https:\/\/hostelachalay.com\/en\/wp-json\/wp\/v2\/comments?post=2009"}],"version-history":[{"count":46,"href":"https:\/\/hostelachalay.com\/en\/wp-json\/wp\/v2\/pages\/2009\/revisions"}],"predecessor-version":[{"id":2247,"href":"https:\/\/hostelachalay.com\/en\/wp-json\/wp\/v2\/pages\/2009\/revisions\/2247"}],"wp:attachment":[{"href":"https:\/\/hostelachalay.com\/en\/wp-json\/wp\/v2\/media?parent=2009"}],"curies":[{"name":"wp","href":"https:\/\/api.w.org\/{rel}","templated":true}]}}