{"id":647,"date":"2023-03-09T02:20:08","date_gmt":"2023-03-09T02:20:08","guid":{"rendered":"https:\/\/hostelachalay.com\/?page_id=647"},"modified":"2025-07-08T00:01:47","modified_gmt":"2025-07-08T00:01:47","slug":"medio-ambiente-y-comunidad","status":"publish","type":"page","link":"https:\/\/hostelachalay.com\/en\/medio-ambiente-y-comunidad\/","title":{"rendered":"Medio ambiente y comunidad"},"content":{"rendered":"<div data-elementor-type=\"wp-page\" data-elementor-id=\"647\" class=\"elementor elementor-647\" data-elementor-post-type=\"page\">\n\t\t\t\t<div class=\"elementor-element elementor-element-4f14e96 e-con-full e-flex e-con e-parent\" data-id=\"4f14e96\" data-element_type=\"container\" data-settings=\"{&quot;background_background&quot;:&quot;classic&quot;}\">\n\t\t\t\t<div class=\"elementor-element elementor-element-7fa17ff elementor-widget elementor-widget-heading\" data-id=\"7fa17ff\" data-element_type=\"widget\" data-widget_type=\"heading.default\">\n\t\t\t\t<div class=\"elementor-widget-container\">\n\t\t\t\t\t<h1 class=\"elementor-heading-title elementor-size-default\">The<span style=\"font-style:Italic;font-weight:bold\"> <br>Ambiente y comunidad<\/span><\/h1>\t\t\t\t<\/div>\n\t\t\t\t<\/div>\n\t\t\t\t<div class=\"elementor-element elementor-element-e2d083a elementor-view-default elementor-widget elementor-widget-icon\" data-id=\"e2d083a\" data-element_type=\"widget\" data-widget_type=\"icon.default\">\n\t\t\t\t<div class=\"elementor-widget-container\">\n\t\t\t\t\t\t\t<div class=\"elementor-icon-wrapper\">\n\t\t\t<div class=\"elementor-icon\">\n\t\t\t<svg xmlns=\"http:\/\/www.w3.org\/2000\/svg\" width=\"56\" height=\"56\" viewbox=\"0 0 56 56\" fill=\"none\"><path d=\"M19.77 24.23L18 26L28 36L38 26L36.23 24.23L28 32.46L19.77 24.23Z\" fill=\"white\"><\/path><circle cx=\"28\" cy=\"28\" r=\"27\" stroke=\"white\" stroke-width=\"2\"><\/circle><\/svg>\t\t\t<\/div>\n\t\t<\/div>\n\t\t\t\t\t\t<\/div>\n\t\t\t\t<\/div>\n\t\t\t\t<\/div>\n\t\t<div class=\"elementor-element elementor-element-d8d5c80 e-con-full e-flex e-con e-parent\" data-id=\"d8d5c80\" data-element_type=\"container\" data-settings=\"{&quot;background_background&quot;:&quot;classic&quot;}\">\n\t\t<div class=\"elementor-element elementor-element-3214570 e-con-full e-flex e-con e-child\" data-id=\"3214570\" data-element_type=\"container\">\n\t\t\t\t<div class=\"elementor-element elementor-element-54b2257 elementor-widget elementor-widget-heading\" data-id=\"54b2257\" data-element_type=\"widget\" data-widget_type=\"heading.default\">\n\t\t\t\t<div class=\"elementor-widget-container\">\n\t\t\t\t\t<h2 class=\"elementor-heading-title elementor-size-default\">Compromiso con el Medio Ambiente y la Comunidad<\/h2>\t\t\t\t<\/div>\n\t\t\t\t<\/div>\n\t\t\t\t<div class=\"elementor-element elementor-element-0b9e52d elementor-widget elementor-widget-text-editor\" data-id=\"0b9e52d\" data-element_type=\"widget\" data-widget_type=\"text-editor.default\">\n\t\t\t\t<div class=\"elementor-widget-container\">\n\t\t\t\t\t\t\t\t\t<p class=\"p1\">En Achalay creemos que viajar tambi\u00e9n puede ser una forma de cuidar el mundo y ayudar a quienes lo necesitan.<\/p><p class=\"p1\">Desde 2022 trabajamos con un fuerte compromiso ambiental. La separaci\u00f3n responsable de residuos y el compost son parte de nuestra rutina diaria. Fuimos parte de una prueba piloto de reciclado junto al municipio y la Fundaci\u00f3n DelTerra. Aunque el programa ya no contin\u00faa, nosotros decidimos seguir por cuenta propia, porque creemos que el cambio empieza por uno mismo.<\/p><p class=\"p1\">Pero nuestro compromiso no termina ah\u00ed.<\/p><p class=\"p1\">Achalay tambi\u00e9n apoya a la comunidad de Bariloche. Colaboramos con tres merenderos en zonas vulnerables, donando ropa y alimentos. Acompa\u00f1amos a familias que lo han perdido todo en incendios forestales, porque creemos que cualquiera de nosotros podr\u00eda estar en ese lugar y merece una mano amiga.<\/p><p class=\"p1\">Cuando eleg\u00eds hospedarte en Achalay, no solo ven\u00eds de vacaciones: tambi\u00e9n sos parte de una red solidaria que cuida la naturaleza y acompa\u00f1a a quienes m\u00e1s lo necesitan.<\/p><p class=\"p1\"><b>Sumate a nuestro compromiso. Viaj\u00e1 con prop\u00f3sito. S\u00e9 parte del cambio.<\/b><b><\/b><\/p>\t\t\t\t\t\t\t\t<\/div>\n\t\t\t\t<\/div>\n\t\t\t\t<\/div>\n\t\t<div class=\"elementor-element elementor-element-5d6e820 e-con-full e-flex e-con e-child\" data-id=\"5d6e820\" data-element_type=\"container\">\n\t\t\t\t<div class=\"elementor-element elementor-element-7d3dce5 elementor-widget elementor-widget-image\" data-id=\"7d3dce5\" data-element_type=\"widget\" data-settings=\"{&quot;motion_fx_motion_fx_scrolling&quot;:&quot;yes&quot;,&quot;motion_fx_translateY_effect&quot;:&quot;yes&quot;,&quot;motion_fx_translateY_speed&quot;:{&quot;unit&quot;:&quot;px&quot;,&quot;size&quot;:1.6,&quot;sizes&quot;:[]},&quot;motion_fx_rotateZ_effect&quot;:&quot;yes&quot;,&quot;motion_fx_rotateZ_direction&quot;:&quot;negative&quot;,&quot;motion_fx_rotateZ_speed&quot;:{&quot;unit&quot;:&quot;px&quot;,&quot;size&quot;:0.2,&quot;sizes&quot;:[]},&quot;motion_fx_devices&quot;:[&quot;desktop&quot;,&quot;tablet&quot;],&quot;motion_fx_translateY_affectedRange&quot;:{&quot;unit&quot;:&quot;%&quot;,&quot;size&quot;:&quot;&quot;,&quot;sizes&quot;:{&quot;start&quot;:0,&quot;end&quot;:100}},&quot;motion_fx_rotateZ_affectedRange&quot;:{&quot;unit&quot;:&quot;%&quot;,&quot;size&quot;:&quot;&quot;,&quot;sizes&quot;:{&quot;start&quot;:0,&quot;end&quot;:100}}}\" data-widget_type=\"image.default\">\n\t\t\t\t<div class=\"elementor-widget-container\">\n\t\t\t\t\t\t\t\t\t\t\t\t\t\t\t<img fetchpriority=\"high\" decoding=\"async\" width=\"2560\" height=\"1707\" src=\"https:\/\/hostelachalay.com\/wp-content\/uploads\/2025\/06\/medio-ambiente-y-comunidad.webp\" class=\"attachment-full size-full wp-image-2142\" alt=\"\" srcset=\"https:\/\/hostelachalay.com\/wp-content\/uploads\/2025\/06\/medio-ambiente-y-comunidad.webp 2560w, https:\/\/hostelachalay.com\/wp-content\/uploads\/2025\/06\/medio-ambiente-y-comunidad-300x200.webp 300w, https:\/\/hostelachalay.com\/wp-content\/uploads\/2025\/06\/medio-ambiente-y-comunidad-1024x683.webp 1024w, https:\/\/hostelachalay.com\/wp-content\/uploads\/2025\/06\/medio-ambiente-y-comunidad-768x512.webp 768w, https:\/\/hostelachalay.com\/wp-content\/uploads\/2025\/06\/medio-ambiente-y-comunidad-1536x1024.webp 1536w, https:\/\/hostelachalay.com\/wp-content\/uploads\/2025\/06\/medio-ambiente-y-comunidad-2048x1366.webp 2048w, https:\/\/hostelachalay.com\/wp-content\/uploads\/2025\/06\/medio-ambiente-y-comunidad-18x12.webp 18w\" sizes=\"(max-width: 2560px) 100vw, 2560px\" \/>\t\t\t\t\t\t\t\t\t\t\t\t\t\t\t<\/div>\n\t\t\t\t<\/div>\n\t\t<div class=\"elementor-element elementor-element-a04e530 e-con-full e-flex e-con e-child\" data-id=\"a04e530\" data-element_type=\"container\">\n\t\t\t\t<div class=\"elementor-element elementor-element-86d3b2b elementor-absolute elementor-widget elementor-widget-image\" data-id=\"86d3b2b\" data-element_type=\"widget\" data-settings=\"{&quot;_position&quot;:&quot;absolute&quot;,&quot;motion_fx_motion_fx_scrolling&quot;:&quot;yes&quot;,&quot;motion_fx_translateY_effect&quot;:&quot;yes&quot;,&quot;motion_fx_translateY_speed&quot;:{&quot;unit&quot;:&quot;px&quot;,&quot;size&quot;:1.7,&quot;sizes&quot;:[]},&quot;motion_fx_rotateZ_effect&quot;:&quot;yes&quot;,&quot;motion_fx_rotateZ_direction&quot;:&quot;negative&quot;,&quot;motion_fx_rotateZ_speed&quot;:{&quot;unit&quot;:&quot;px&quot;,&quot;size&quot;:0.3,&quot;sizes&quot;:[]},&quot;motion_fx_devices&quot;:[&quot;desktop&quot;,&quot;tablet&quot;],&quot;motion_fx_translateY_affectedRange&quot;:{&quot;unit&quot;:&quot;%&quot;,&quot;size&quot;:&quot;&quot;,&quot;sizes&quot;:{&quot;start&quot;:0,&quot;end&quot;:100}},&quot;motion_fx_rotateZ_affectedRange&quot;:{&quot;unit&quot;:&quot;%&quot;,&quot;size&quot;:&quot;&quot;,&quot;sizes&quot;:{&quot;start&quot;:0,&quot;end&quot;:100}}}\" data-widget_type=\"image.default\">\n\t\t\t\t<div class=\"elementor-widget-container\">\n\t\t\t\t\t\t\t\t\t\t\t\t\t\t\t<img decoding=\"async\" width=\"919\" height=\"1270\" src=\"https:\/\/hostelachalay.com\/wp-content\/uploads\/2024\/12\/IMG_5975-1-e1750700735733.jpg\" class=\"attachment-full size-full wp-image-1730\" alt=\"\" srcset=\"https:\/\/hostelachalay.com\/wp-content\/uploads\/2024\/12\/IMG_5975-1-e1750700735733.jpg 919w, https:\/\/hostelachalay.com\/wp-content\/uploads\/2024\/12\/IMG_5975-1-e1750700735733-217x300.jpg 217w, https:\/\/hostelachalay.com\/wp-content\/uploads\/2024\/12\/IMG_5975-1-e1750700735733-741x1024.jpg 741w, https:\/\/hostelachalay.com\/wp-content\/uploads\/2024\/12\/IMG_5975-1-e1750700735733-768x1061.jpg 768w, https:\/\/hostelachalay.com\/wp-content\/uploads\/2024\/12\/IMG_5975-1-e1750700735733-9x12.jpg 9w\" sizes=\"(max-width: 919px) 100vw, 919px\" \/>\t\t\t\t\t\t\t\t\t\t\t\t\t\t\t<\/div>\n\t\t\t\t<\/div>\n\t\t\t\t<div class=\"elementor-element elementor-element-6d76fc9 elementor-absolute elementor-widget elementor-widget-image\" data-id=\"6d76fc9\" data-element_type=\"widget\" data-settings=\"{&quot;_position&quot;:&quot;absolute&quot;,&quot;motion_fx_motion_fx_scrolling&quot;:&quot;yes&quot;,&quot;motion_fx_translateY_effect&quot;:&quot;yes&quot;,&quot;motion_fx_translateY_direction&quot;:&quot;negative&quot;,&quot;motion_fx_translateY_speed&quot;:{&quot;unit&quot;:&quot;px&quot;,&quot;size&quot;:0.5,&quot;sizes&quot;:[]},&quot;motion_fx_rotateZ_effect&quot;:&quot;yes&quot;,&quot;motion_fx_rotateZ_speed&quot;:{&quot;unit&quot;:&quot;px&quot;,&quot;size&quot;:0.4,&quot;sizes&quot;:[]},&quot;motion_fx_devices&quot;:[&quot;desktop&quot;,&quot;tablet&quot;],&quot;motion_fx_translateY_affectedRange&quot;:{&quot;unit&quot;:&quot;%&quot;,&quot;size&quot;:&quot;&quot;,&quot;sizes&quot;:{&quot;start&quot;:0,&quot;end&quot;:100}},&quot;motion_fx_rotateZ_affectedRange&quot;:{&quot;unit&quot;:&quot;%&quot;,&quot;size&quot;:&quot;&quot;,&quot;sizes&quot;:{&quot;start&quot;:0,&quot;end&quot;:100}}}\" data-widget_type=\"image.default\">\n\t\t\t\t<div class=\"elementor-widget-container\">\n\t\t\t\t\t\t\t\t\t\t\t\t\t\t\t<img decoding=\"async\" width=\"1495\" height=\"997\" src=\"https:\/\/hostelachalay.com\/wp-content\/uploads\/2024\/12\/Monte-Pasubio210923-21-1.jpg\" class=\"attachment-full size-full wp-image-1731\" alt=\"\" srcset=\"https:\/\/hostelachalay.com\/wp-content\/uploads\/2024\/12\/Monte-Pasubio210923-21-1.jpg 1495w, https:\/\/hostelachalay.com\/wp-content\/uploads\/2024\/12\/Monte-Pasubio210923-21-1-300x200.jpg 300w, https:\/\/hostelachalay.com\/wp-content\/uploads\/2024\/12\/Monte-Pasubio210923-21-1-1024x683.jpg 1024w, https:\/\/hostelachalay.com\/wp-content\/uploads\/2024\/12\/Monte-Pasubio210923-21-1-768x512.jpg 768w, https:\/\/hostelachalay.com\/wp-content\/uploads\/2024\/12\/Monte-Pasubio210923-21-1-18x12.jpg 18w\" sizes=\"(max-width: 1495px) 100vw, 1495px\" \/>\t\t\t\t\t\t\t\t\t\t\t\t\t\t\t<\/div>\n\t\t\t\t<\/div>\n\t\t\t\t<\/div>\n\t\t\t\t<\/div>\n\t\t\t\t<\/div>\n\t\t<div class=\"elementor-element elementor-element-7bdcb8b e-con-full elementor-hidden-desktop elementor-hidden-tablet elementor-hidden-mobile e-flex e-con e-parent\" data-id=\"7bdcb8b\" data-element_type=\"container\">\n\t\t<div class=\"elementor-element elementor-element-828edb9 e-con-full e-flex e-con e-child\" data-id=\"828edb9\" data-element_type=\"container\">\n\t\t\t\t<div class=\"elementor-element elementor-element-24fe3fb elementor-widget elementor-widget-image\" data-id=\"24fe3fb\" data-element_type=\"widget\" data-settings=\"{&quot;motion_fx_motion_fx_scrolling&quot;:&quot;yes&quot;,&quot;motion_fx_translateY_effect&quot;:&quot;yes&quot;,&quot;motion_fx_translateY_speed&quot;:{&quot;unit&quot;:&quot;px&quot;,&quot;size&quot;:1.6,&quot;sizes&quot;:[]},&quot;motion_fx_rotateZ_effect&quot;:&quot;yes&quot;,&quot;motion_fx_rotateZ_direction&quot;:&quot;negative&quot;,&quot;motion_fx_rotateZ_speed&quot;:{&quot;unit&quot;:&quot;px&quot;,&quot;size&quot;:0.2,&quot;sizes&quot;:[]},&quot;motion_fx_devices&quot;:[&quot;desktop&quot;,&quot;tablet&quot;],&quot;motion_fx_translateY_affectedRange&quot;:{&quot;unit&quot;:&quot;%&quot;,&quot;size&quot;:&quot;&quot;,&quot;sizes&quot;:{&quot;start&quot;:0,&quot;end&quot;:100}},&quot;motion_fx_rotateZ_affectedRange&quot;:{&quot;unit&quot;:&quot;%&quot;,&quot;size&quot;:&quot;&quot;,&quot;sizes&quot;:{&quot;start&quot;:0,&quot;end&quot;:100}}}\" data-widget_type=\"image.default\">\n\t\t\t\t<div class=\"elementor-widget-container\">\n\t\t\t\t\t\t\t\t\t\t\t\t\t\t\t<img decoding=\"async\" width=\"919\" height=\"1270\" src=\"https:\/\/hostelachalay.com\/wp-content\/uploads\/2024\/12\/IMG_5975-1-e1750700735733.jpg\" class=\"attachment-full size-full wp-image-1730\" alt=\"\" srcset=\"https:\/\/hostelachalay.com\/wp-content\/uploads\/2024\/12\/IMG_5975-1-e1750700735733.jpg 919w, https:\/\/hostelachalay.com\/wp-content\/uploads\/2024\/12\/IMG_5975-1-e1750700735733-217x300.jpg 217w, https:\/\/hostelachalay.com\/wp-content\/uploads\/2024\/12\/IMG_5975-1-e1750700735733-741x1024.jpg 741w, https:\/\/hostelachalay.com\/wp-content\/uploads\/2024\/12\/IMG_5975-1-e1750700735733-768x1061.jpg 768w, https:\/\/hostelachalay.com\/wp-content\/uploads\/2024\/12\/IMG_5975-1-e1750700735733-9x12.jpg 9w\" sizes=\"(max-width: 919px) 100vw, 919px\" \/>\t\t\t\t\t\t\t\t\t\t\t\t\t\t\t<\/div>\n\t\t\t\t<\/div>\n\t\t\t\t<div class=\"elementor-element elementor-element-8aff8d1 elementor-absolute elementor-widget elementor-widget-image\" data-id=\"8aff8d1\" data-element_type=\"widget\" data-settings=\"{&quot;motion_fx_motion_fx_scrolling&quot;:&quot;yes&quot;,&quot;motion_fx_translateY_effect&quot;:&quot;yes&quot;,&quot;motion_fx_translateY_speed&quot;:{&quot;unit&quot;:&quot;px&quot;,&quot;size&quot;:1.6,&quot;sizes&quot;:[]},&quot;motion_fx_rotateZ_effect&quot;:&quot;yes&quot;,&quot;motion_fx_rotateZ_direction&quot;:&quot;negative&quot;,&quot;motion_fx_rotateZ_speed&quot;:{&quot;unit&quot;:&quot;px&quot;,&quot;size&quot;:0.2,&quot;sizes&quot;:[]},&quot;motion_fx_devices&quot;:[&quot;desktop&quot;,&quot;tablet&quot;],&quot;_position&quot;:&quot;absolute&quot;,&quot;motion_fx_translateY_affectedRange&quot;:{&quot;unit&quot;:&quot;%&quot;,&quot;size&quot;:&quot;&quot;,&quot;sizes&quot;:{&quot;start&quot;:0,&quot;end&quot;:100}},&quot;motion_fx_rotateZ_affectedRange&quot;:{&quot;unit&quot;:&quot;%&quot;,&quot;size&quot;:&quot;&quot;,&quot;sizes&quot;:{&quot;start&quot;:0,&quot;end&quot;:100}}}\" data-widget_type=\"image.default\">\n\t\t\t\t<div class=\"elementor-widget-container\">\n\t\t\t\t\t\t\t\t\t\t\t\t\t\t\t<img loading=\"lazy\" decoding=\"async\" width=\"995\" height=\"1633\" src=\"https:\/\/hostelachalay.com\/wp-content\/uploads\/2024\/12\/IMG_5970-1.jpg\" class=\"attachment-full size-full wp-image-1729\" alt=\"\" srcset=\"https:\/\/hostelachalay.com\/wp-content\/uploads\/2024\/12\/IMG_5970-1.jpg 995w, https:\/\/hostelachalay.com\/wp-content\/uploads\/2024\/12\/IMG_5970-1-183x300.jpg 183w, https:\/\/hostelachalay.com\/wp-content\/uploads\/2024\/12\/IMG_5970-1-624x1024.jpg 624w, https:\/\/hostelachalay.com\/wp-content\/uploads\/2024\/12\/IMG_5970-1-768x1260.jpg 768w, https:\/\/hostelachalay.com\/wp-content\/uploads\/2024\/12\/IMG_5970-1-936x1536.jpg 936w, https:\/\/hostelachalay.com\/wp-content\/uploads\/2024\/12\/IMG_5970-1-7x12.jpg 7w\" sizes=\"(max-width: 995px) 100vw, 995px\" \/>\t\t\t\t\t\t\t\t\t\t\t\t\t\t\t<\/div>\n\t\t\t\t<\/div>\n\t\t\t\t<div class=\"elementor-element elementor-element-58741f2 elementor-absolute elementor-widget elementor-widget-image\" data-id=\"58741f2\" data-element_type=\"widget\" data-settings=\"{&quot;motion_fx_motion_fx_scrolling&quot;:&quot;yes&quot;,&quot;motion_fx_translateY_effect&quot;:&quot;yes&quot;,&quot;motion_fx_translateY_speed&quot;:{&quot;unit&quot;:&quot;px&quot;,&quot;size&quot;:1.6,&quot;sizes&quot;:[]},&quot;motion_fx_rotateZ_effect&quot;:&quot;yes&quot;,&quot;motion_fx_rotateZ_direction&quot;:&quot;negative&quot;,&quot;motion_fx_rotateZ_speed&quot;:{&quot;unit&quot;:&quot;px&quot;,&quot;size&quot;:0.2,&quot;sizes&quot;:[]},&quot;motion_fx_devices&quot;:[&quot;desktop&quot;,&quot;tablet&quot;],&quot;_position&quot;:&quot;absolute&quot;,&quot;motion_fx_translateY_affectedRange&quot;:{&quot;unit&quot;:&quot;%&quot;,&quot;size&quot;:&quot;&quot;,&quot;sizes&quot;:{&quot;start&quot;:0,&quot;end&quot;:100}},&quot;motion_fx_rotateZ_affectedRange&quot;:{&quot;unit&quot;:&quot;%&quot;,&quot;size&quot;:&quot;&quot;,&quot;sizes&quot;:{&quot;start&quot;:0,&quot;end&quot;:100}}}\" data-widget_type=\"image.default\">\n\t\t\t\t<div class=\"elementor-widget-container\">\n\t\t\t\t\t\t\t\t\t\t\t\t\t\t\t<img decoding=\"async\" width=\"1495\" height=\"997\" src=\"https:\/\/hostelachalay.com\/wp-content\/uploads\/2024\/12\/Monte-Pasubio210923-21-1.jpg\" class=\"attachment-full size-full wp-image-1731\" alt=\"\" srcset=\"https:\/\/hostelachalay.com\/wp-content\/uploads\/2024\/12\/Monte-Pasubio210923-21-1.jpg 1495w, https:\/\/hostelachalay.com\/wp-content\/uploads\/2024\/12\/Monte-Pasubio210923-21-1-300x200.jpg 300w, https:\/\/hostelachalay.com\/wp-content\/uploads\/2024\/12\/Monte-Pasubio210923-21-1-1024x683.jpg 1024w, https:\/\/hostelachalay.com\/wp-content\/uploads\/2024\/12\/Monte-Pasubio210923-21-1-768x512.jpg 768w, https:\/\/hostelachalay.com\/wp-content\/uploads\/2024\/12\/Monte-Pasubio210923-21-1-18x12.jpg 18w\" sizes=\"(max-width: 1495px) 100vw, 1495px\" \/>\t\t\t\t\t\t\t\t\t\t\t\t\t\t\t<\/div>\n\t\t\t\t<\/div>\n\t\t\t\t<\/div>\n\t\t<div class=\"elementor-element elementor-element-8a891f3 e-con-full e-flex e-con e-child\" data-id=\"8a891f3\" data-element_type=\"container\">\n\t\t\t\t<div class=\"elementor-element elementor-element-34ed318 elementor-widget elementor-widget-heading\" data-id=\"34ed318\" data-element_type=\"widget\" data-widget_type=\"heading.default\">\n\t\t\t\t<div class=\"elementor-widget-container\">\n\t\t\t\t\t<h2 class=\"elementor-heading-title elementor-size-default\">We've also established a composting area and are working with Kolibri and Reforestarg to find the optimal way to offset the carbon footprint of the hostel.<\/h2>\t\t\t\t<\/div>\n\t\t\t\t<\/div>\n\t\t\t\t<div class=\"elementor-element elementor-element-7bdd998 elementor-widget elementor-widget-text-editor\" data-id=\"7bdd998\" data-element_type=\"widget\" data-widget_type=\"text-editor.default\">\n\t\t\t\t<div class=\"elementor-widget-container\">\n\t\t\t\t\t\t\t\t\t<p>We've been on this journey for a year now, and composting and waste separation are already a reality. Our goal for the summer of 2023\/2024 is to complete the study of the carbon footprint generated by Hostel Achalay and each of its travelers. This will enable us to offset the damage we cause. Our objective for 2024 is to reach mid-year with these three fronts in optimal operation: responsible waste separation, composting, and carbon footprint offset.<br \/><br \/><strong>Join our commitment, be part of the change!<\/strong><\/p>\t\t\t\t\t\t\t\t<\/div>\n\t\t\t\t<\/div>\n\t\t\t\t<\/div>\n\t\t\t\t<\/div>\n\t\t\t\t<\/div>","protected":false},"excerpt":{"rendered":"<p>Medio Ambiente y comunidad Compromiso con el Medio Ambiente y la Comunidad En Achalay creemos que viajar tambi\u00e9n puede ser una forma de cuidar el mundo y ayudar a quienes lo necesitan. Desde 2022 trabajamos con un fuerte compromiso ambiental. La separaci\u00f3n responsable de residuos y el compost son parte de nuestra rutina diaria. Fuimos [&hellip;]<\/p>","protected":false},"author":1,"featured_media":0,"parent":0,"menu_order":0,"comment_status":"closed","ping_status":"closed","template":"","meta":{"footnotes":""},"class_list":["post-647","page","type-page","status-publish","hentry"],"_links":{"self":[{"href":"https:\/\/hostelachalay.com\/en\/wp-json\/wp\/v2\/pages\/647","targetHints":{"allow":["GET"]}}],"collection":[{"href":"https:\/\/hostelachalay.com\/en\/wp-json\/wp\/v2\/pages"}],"about":[{"href":"https:\/\/hostelachalay.com\/en\/wp-json\/wp\/v2\/types\/page"}],"author":[{"embeddable":true,"href":"https:\/\/hostelachalay.com\/en\/wp-json\/wp\/v2\/users\/1"}],"replies":[{"embeddable":true,"href":"https:\/\/hostelachalay.com\/en\/wp-json\/wp\/v2\/comments?post=647"}],"version-history":[{"count":32,"href":"https:\/\/hostelachalay.com\/en\/wp-json\/wp\/v2\/pages\/647\/revisions"}],"predecessor-version":[{"id":2177,"href":"https:\/\/hostelachalay.com\/en\/wp-json\/wp\/v2\/pages\/647\/revisions\/2177"}],"wp:attachment":[{"href":"https:\/\/hostelachalay.com\/en\/wp-json\/wp\/v2\/media?parent=647"}],"curies":[{"name":"wp","href":"https:\/\/api.w.org\/{rel}","templated":true}]}}