{"id":2009,"date":"2025-06-02T19:56:26","date_gmt":"2025-06-02T19:56:26","guid":{"rendered":"https:\/\/hostelachalay.com\/?page_id=2009"},"modified":"2026-02-19T13:58:17","modified_gmt":"2026-02-19T13:58:17","slug":"montana-y-trekking","status":"publish","type":"page","link":"https:\/\/hostelachalay.com\/pt\/montana-y-trekking\/","title":{"rendered":"Monta\u00f1a y trekking"},"content":{"rendered":"<div data-elementor-type=\"wp-page\" data-elementor-id=\"2009\" class=\"elementor elementor-2009\" data-elementor-post-type=\"page\">\n\t\t\t\t<div class=\"elementor-element elementor-element-d8e142a e-con-full e-flex e-con e-parent\" data-id=\"d8e142a\" data-element_type=\"container\" data-settings=\"{&quot;background_background&quot;:&quot;classic&quot;}\">\n\t\t\t\t<div class=\"elementor-element elementor-element-5ed74c7 elementor-widget elementor-widget-heading\" data-id=\"5ed74c7\" data-element_type=\"widget\" data-widget_type=\"heading.default\">\n\t\t\t\t<div class=\"elementor-widget-container\">\n\t\t\t\t\t<h1 class=\"elementor-heading-title elementor-size-default\">Montanha e <span style=\"font-style:Italic;font-weight:bold\"> caminhada<\/span><\/h1>\t\t\t\t<\/div>\n\t\t\t\t<\/div>\n\t\t\t\t<div class=\"elementor-element elementor-element-8f4aa21 elementor-view-default elementor-widget elementor-widget-icon\" data-id=\"8f4aa21\" data-element_type=\"widget\" data-widget_type=\"icon.default\">\n\t\t\t\t<div class=\"elementor-widget-container\">\n\t\t\t\t\t\t\t<div class=\"elementor-icon-wrapper\">\n\t\t\t<div class=\"elementor-icon\">\n\t\t\t<svg xmlns=\"http:\/\/www.w3.org\/2000\/svg\" width=\"56\" height=\"56\" viewbox=\"0 0 56 56\" fill=\"none\"><path d=\"M19.77 24.23L18 26L28 36L38 26L36.23 24.23L28 32.46L19.77 24.23Z\" fill=\"white\"><\/path><circle cx=\"28\" cy=\"28\" r=\"27\" stroke=\"white\" stroke-width=\"2\"><\/circle><\/svg>\t\t\t<\/div>\n\t\t<\/div>\n\t\t\t\t\t\t<\/div>\n\t\t\t\t<\/div>\n\t\t\t\t<\/div>\n\t\t<div class=\"elementor-element elementor-element-163887d e-con-full e-flex e-con e-parent\" data-id=\"163887d\" data-element_type=\"container\" data-settings=\"{&quot;background_background&quot;:&quot;classic&quot;}\">\n\t\t<div class=\"elementor-element elementor-element-1f57407 e-con-full e-flex e-con e-child\" data-id=\"1f57407\" data-element_type=\"container\">\n\t\t\t\t<div class=\"elementor-element elementor-element-2e9a824 elementor-widget elementor-widget-heading\" data-id=\"2e9a824\" data-element_type=\"widget\" data-widget_type=\"heading.default\">\n\t\t\t\t<div class=\"elementor-widget-container\">\n\t\t\t\t\t<h2 class=\"elementor-heading-title elementor-size-default\">Bariloche come\u00e7a aos seus p\u00e9s.<\/h2>\t\t\t\t<\/div>\n\t\t\t\t<\/div>\n\t\t\t\t<div class=\"elementor-element elementor-element-a8bb453 elementor-widget elementor-widget-text-editor\" data-id=\"a8bb453\" data-element_type=\"widget\" data-widget_type=\"text-editor.default\">\n\t\t\t\t<div class=\"elementor-widget-container\">\n\t\t\t\t\t\t\t\t\t<p class=\"p1\">Em Achalay, n\u00e3o oferecemos apenas uma cama e um caf\u00e9 da manh\u00e3 caseiro.<br \/>N\u00f3s oferecemos mapas, dicas pr\u00e1ticas, trilhas escondidas e aquela motiva\u00e7\u00e3o que te faz amarrar os cadar\u00e7os e sair para caminhar.<\/p>\t\t\t\t\t\t\t\t<\/div>\n\t\t\t\t<\/div>\n\t\t\t\t<\/div>\n\t\t<div class=\"elementor-element elementor-element-54e0e3a e-con-full e-flex e-con e-child\" data-id=\"54e0e3a\" data-element_type=\"container\">\n\t\t\t\t<div class=\"elementor-element elementor-element-612bd73 elementor-widget elementor-widget-heading\" data-id=\"612bd73\" data-element_type=\"widget\" data-widget_type=\"heading.default\">\n\t\t\t\t<div class=\"elementor-widget-container\">\n\t\t\t\t\t<h2 class=\"elementor-heading-title elementor-size-default\">N\u00f3s amamos as montanhas.<\/h2>\t\t\t\t<\/div>\n\t\t\t\t<\/div>\n\t\t\t\t<div class=\"elementor-element elementor-element-1b41245 elementor-widget elementor-widget-text-editor\" data-id=\"1b41245\" data-element_type=\"widget\" data-widget_type=\"text-editor.default\">\n\t\t\t\t<div class=\"elementor-widget-container\">\n\t\t\t\t\t\t\t\t\t<p class=\"p1\">E se voc\u00ea est\u00e1 lendo isso, provavelmente voc\u00ea tamb\u00e9m \u00e9.<\/p><p class=\"p1\">Sabemos que nem todos chegam com a mesma experi\u00eancia: alguns j\u00e1 trazem bast\u00f5es de caminhada e mochila; outros, apenas a vontade de come\u00e7ar.<br \/>\u00c9 por isso que oferecemos suporte de acordo com seu n\u00edvel, seu tempo e sua energia.<br \/>Sem tentar vender nada. Com a verdade de algu\u00e9m que subiu, desceu, se molhou e voltou com um sorriso.<\/p>\t\t\t\t\t\t\t\t<\/div>\n\t\t\t\t<\/div>\n\t\t\t\t<\/div>\n\t\t\t\t<\/div>\n\t\t<div class=\"elementor-element elementor-element-7c694e0 e-flex e-con-boxed e-con e-parent\" data-id=\"7c694e0\" data-element_type=\"container\">\n\t\t\t\t\t<div class=\"e-con-inner\">\n\t\t\t\t<div class=\"elementor-element elementor-element-bb1e396 elementor-widget elementor-widget-heading\" data-id=\"bb1e396\" data-element_type=\"widget\" data-widget_type=\"heading.default\">\n\t\t\t\t<div class=\"elementor-widget-container\">\n\t\t\t\t\t<h2 class=\"elementor-heading-title elementor-size-default\">O que voc\u00ea pode fazer a partir de Achalay?<\/h2>\t\t\t\t<\/div>\n\t\t\t\t<\/div>\n\t\t\t\t\t<\/div>\n\t\t\t\t<\/div>\n\t\t<div class=\"elementor-element elementor-element-06be742 e-flex e-con-boxed e-con e-parent\" data-id=\"06be742\" data-element_type=\"container\">\n\t\t\t\t\t<div class=\"e-con-inner\">\n\t\t<div class=\"elementor-element elementor-element-5ee1d63 e-con-full e-flex e-con e-child\" data-id=\"5ee1d63\" data-element_type=\"container\">\n\t\t<div class=\"elementor-element elementor-element-2a5e546 e-flex e-con-boxed e-con e-child\" data-id=\"2a5e546\" data-element_type=\"container\" data-settings=\"{&quot;background_background&quot;:&quot;classic&quot;}\">\n\t\t\t\t\t<div class=\"e-con-inner\">\n\t\t\t\t<div class=\"elementor-element elementor-element-95193dc elementor-widget elementor-widget-spacer\" data-id=\"95193dc\" data-element_type=\"widget\" data-widget_type=\"spacer.default\">\n\t\t\t\t<div class=\"elementor-widget-container\">\n\t\t\t\t\t\t\t<div class=\"elementor-spacer\">\n\t\t\t<div class=\"elementor-spacer-inner\"><\/div>\n\t\t<\/div>\n\t\t\t\t\t\t<\/div>\n\t\t\t\t<\/div>\n\t\t\t\t\t<\/div>\n\t\t\t\t<\/div>\n\t\t<div class=\"elementor-element elementor-element-dfbcc4c e-con-full e-flex e-con e-child\" data-id=\"dfbcc4c\" data-element_type=\"container\" data-settings=\"{&quot;background_background&quot;:&quot;classic&quot;}\">\n\t\t\t\t<div class=\"elementor-element elementor-element-503e6a3 elementor-widget elementor-widget-heading\" data-id=\"503e6a3\" data-element_type=\"widget\" data-widget_type=\"heading.default\">\n\t\t\t\t<div class=\"elementor-widget-container\">\n\t\t\t\t\t<h4 class=\"elementor-heading-title elementor-size-default\">\u2600 Trilhas curtas<\/h4>\t\t\t\t<\/div>\n\t\t\t\t<\/div>\n\t\t\t\t<\/div>\n\t\t<div class=\"elementor-element elementor-element-d7fda8b e-con-full e-flex e-con e-child\" data-id=\"d7fda8b\" data-element_type=\"container\" data-settings=\"{&quot;background_background&quot;:&quot;classic&quot;}\">\n\t\t<div class=\"elementor-element elementor-element-7b1617f e-flex e-con-boxed e-con e-child\" data-id=\"7b1617f\" data-element_type=\"container\">\n\t\t\t\t\t<div class=\"e-con-inner\">\n\t\t\t\t<div class=\"elementor-element elementor-element-401931d elementor-widget elementor-widget-text-editor\" data-id=\"401931d\" data-element_type=\"widget\" data-widget_type=\"text-editor.default\">\n\t\t\t\t<div class=\"elementor-widget-container\">\n\t\t\t\t\t\t\t\t\t<ul class=\"ul1\"><li class=\"li1\">Cerro Otto \u2013 Piedra de Habsburgo<\/li><li class=\"li1\">Cerro Campanario<\/li><li class=\"li1\">Circuito Chico \u2013 Cerrito Llao Llao<\/li><li class=\"li1\">Colonia Suiza \u2013 Goye<\/li><li class=\"li1\">Sendero al Mirador Brazo Tristeza<\/li><li>Playa Mu\u00f1oz<\/li><\/ul>\t\t\t\t\t\t\t\t<\/div>\n\t\t\t\t<\/div>\n\t\t\t\t\t<\/div>\n\t\t\t\t<\/div>\n\t\t\t\t<\/div>\n\t\t\t\t<\/div>\n\t\t<div class=\"elementor-element elementor-element-25db29e e-con-full e-flex e-con e-child\" data-id=\"25db29e\" data-element_type=\"container\">\n\t\t<div class=\"elementor-element elementor-element-8a472dd e-flex e-con-boxed e-con e-child\" data-id=\"8a472dd\" data-element_type=\"container\" data-settings=\"{&quot;background_background&quot;:&quot;classic&quot;}\">\n\t\t\t\t\t<div class=\"e-con-inner\">\n\t\t\t\t<div class=\"elementor-element elementor-element-c187b3f elementor-widget elementor-widget-spacer\" data-id=\"c187b3f\" data-element_type=\"widget\" data-widget_type=\"spacer.default\">\n\t\t\t\t<div class=\"elementor-widget-container\">\n\t\t\t\t\t\t\t<div class=\"elementor-spacer\">\n\t\t\t<div class=\"elementor-spacer-inner\"><\/div>\n\t\t<\/div>\n\t\t\t\t\t\t<\/div>\n\t\t\t\t<\/div>\n\t\t\t\t\t<\/div>\n\t\t\t\t<\/div>\n\t\t<div class=\"elementor-element elementor-element-a72a2fd e-con-full e-flex e-con e-child\" data-id=\"a72a2fd\" data-element_type=\"container\" data-settings=\"{&quot;background_background&quot;:&quot;classic&quot;}\">\n\t\t\t\t<div class=\"elementor-element elementor-element-6058e60 elementor-widget elementor-widget-heading\" data-id=\"6058e60\" data-element_type=\"widget\" data-widget_type=\"heading.default\">\n\t\t\t\t<div class=\"elementor-widget-container\">\n\t\t\t\t\t<h4 class=\"elementor-heading-title elementor-size-default\">\u26f0 Ref\u00fagios de montanha<\/h4>\t\t\t\t<\/div>\n\t\t\t\t<\/div>\n\t\t\t\t<\/div>\n\t\t<div class=\"elementor-element elementor-element-8f93369 e-con-full e-flex e-con e-child\" data-id=\"8f93369\" data-element_type=\"container\" data-settings=\"{&quot;background_background&quot;:&quot;classic&quot;}\">\n\t\t<div class=\"elementor-element elementor-element-b5bd42b e-flex e-con-boxed e-con e-child\" data-id=\"b5bd42b\" data-element_type=\"container\">\n\t\t\t\t\t<div class=\"e-con-inner\">\n\t\t\t\t<div class=\"elementor-element elementor-element-f559ff9 elementor-widget elementor-widget-text-editor\" data-id=\"f559ff9\" data-element_type=\"widget\" data-widget_type=\"text-editor.default\">\n\t\t\t\t<div class=\"elementor-widget-container\">\n\t\t\t\t\t\t\t\t\t<ul class=\"ul1\"><li class=\"li1\">Refugio Frey<\/li><li class=\"li1\">Refugio Jakob<\/li><li class=\"li1\">Refugio L\u00f3pez<\/li><li class=\"li1\">Laguna Negra<\/li><li class=\"li1\">Refugios Zona Tronador<\/li><\/ul>\t\t\t\t\t\t\t\t<\/div>\n\t\t\t\t<\/div>\n\t\t\t\t\t<\/div>\n\t\t\t\t<\/div>\n\t\t\t\t<\/div>\n\t\t\t\t<\/div>\n\t\t<div class=\"elementor-element elementor-element-e6331c1 e-con-full e-flex e-con e-child\" data-id=\"e6331c1\" data-element_type=\"container\">\n\t\t<div class=\"elementor-element elementor-element-53a50f5 e-flex e-con-boxed e-con e-child\" data-id=\"53a50f5\" data-element_type=\"container\" data-settings=\"{&quot;background_background&quot;:&quot;classic&quot;}\">\n\t\t\t\t\t<div class=\"e-con-inner\">\n\t\t\t\t<div class=\"elementor-element elementor-element-6f5a35b elementor-widget elementor-widget-spacer\" data-id=\"6f5a35b\" data-element_type=\"widget\" data-widget_type=\"spacer.default\">\n\t\t\t\t<div class=\"elementor-widget-container\">\n\t\t\t\t\t\t\t<div class=\"elementor-spacer\">\n\t\t\t<div class=\"elementor-spacer-inner\"><\/div>\n\t\t<\/div>\n\t\t\t\t\t\t<\/div>\n\t\t\t\t<\/div>\n\t\t\t\t\t<\/div>\n\t\t\t\t<\/div>\n\t\t<div class=\"elementor-element elementor-element-0113987 e-con-full e-flex e-con e-child\" data-id=\"0113987\" data-element_type=\"container\" data-settings=\"{&quot;background_background&quot;:&quot;classic&quot;}\">\n\t\t\t\t<div class=\"elementor-element elementor-element-a9a6538 elementor-widget elementor-widget-heading\" data-id=\"a9a6538\" data-element_type=\"widget\" data-widget_type=\"heading.default\">\n\t\t\t\t<div class=\"elementor-widget-container\">\n\t\t\t\t\t<h4 class=\"elementor-heading-title elementor-size-default\"> \u2766 Estepes e lugares menos tur\u00edsticos<\/h4>\t\t\t\t<\/div>\n\t\t\t\t<\/div>\n\t\t\t\t<\/div>\n\t\t<div class=\"elementor-element elementor-element-0b66014 e-con-full e-flex e-con e-child\" data-id=\"0b66014\" data-element_type=\"container\" data-settings=\"{&quot;background_background&quot;:&quot;classic&quot;}\">\n\t\t<div class=\"elementor-element elementor-element-e4fd7e8 e-flex e-con-boxed e-con e-child\" data-id=\"e4fd7e8\" data-element_type=\"container\">\n\t\t\t\t\t<div class=\"e-con-inner\">\n\t\t\t\t<div class=\"elementor-element elementor-element-06d1cbd elementor-widget elementor-widget-text-editor\" data-id=\"06d1cbd\" data-element_type=\"widget\" data-widget_type=\"text-editor.default\">\n\t\t\t\t<div class=\"elementor-widget-container\">\n\t\t\t\t\t\t\t\t\t<ul><li>Cerro Villegas<\/li><li>Valle del Challhuaco<\/li><li>La Buitrera<\/li><li>Cerro Ventana<\/li><li>Area los C\u00e9sares\u00a0<\/li><\/ul>\t\t\t\t\t\t\t\t<\/div>\n\t\t\t\t<\/div>\n\t\t\t\t\t<\/div>\n\t\t\t\t<\/div>\n\t\t\t\t<\/div>\n\t\t\t\t<\/div>\n\t\t\t\t\t<\/div>\n\t\t\t\t<\/div>\n\t\t<div class=\"elementor-element elementor-element-9465144 e-con-full e-flex e-con e-parent\" data-id=\"9465144\" data-element_type=\"container\">\n\t\t<div class=\"elementor-element elementor-element-f43baae e-con-full e-flex e-con e-child\" data-id=\"f43baae\" data-element_type=\"container\">\n\t\t\t\t<div class=\"elementor-element elementor-element-4431104 elementor-widget elementor-widget-image\" data-id=\"4431104\" data-element_type=\"widget\" data-settings=\"{&quot;motion_fx_motion_fx_scrolling&quot;:&quot;yes&quot;,&quot;motion_fx_translateY_effect&quot;:&quot;yes&quot;,&quot;motion_fx_translateY_speed&quot;:{&quot;unit&quot;:&quot;px&quot;,&quot;size&quot;:1.6,&quot;sizes&quot;:[]},&quot;motion_fx_rotateZ_effect&quot;:&quot;yes&quot;,&quot;motion_fx_rotateZ_direction&quot;:&quot;negative&quot;,&quot;motion_fx_rotateZ_speed&quot;:{&quot;unit&quot;:&quot;px&quot;,&quot;size&quot;:0.2,&quot;sizes&quot;:[]},&quot;motion_fx_devices&quot;:[&quot;desktop&quot;,&quot;tablet&quot;],&quot;motion_fx_translateY_affectedRange&quot;:{&quot;unit&quot;:&quot;%&quot;,&quot;size&quot;:&quot;&quot;,&quot;sizes&quot;:{&quot;start&quot;:0,&quot;end&quot;:100}},&quot;motion_fx_rotateZ_affectedRange&quot;:{&quot;unit&quot;:&quot;%&quot;,&quot;size&quot;:&quot;&quot;,&quot;sizes&quot;:{&quot;start&quot;:0,&quot;end&quot;:100}}}\" data-widget_type=\"image.default\">\n\t\t\t\t<div class=\"elementor-widget-container\">\n\t\t\t\t\t\t\t\t\t\t\t\t\t\t\t<img fetchpriority=\"high\" decoding=\"async\" width=\"896\" height=\"1195\" src=\"https:\/\/hostelachalay.com\/wp-content\/uploads\/2025\/06\/amanecer-1.webp\" class=\"attachment-full size-full wp-image-2158\" alt=\"\" srcset=\"https:\/\/hostelachalay.com\/wp-content\/uploads\/2025\/06\/amanecer-1.webp 896w, https:\/\/hostelachalay.com\/wp-content\/uploads\/2025\/06\/amanecer-1-225x300.webp 225w, https:\/\/hostelachalay.com\/wp-content\/uploads\/2025\/06\/amanecer-1-768x1024.webp 768w, https:\/\/hostelachalay.com\/wp-content\/uploads\/2025\/06\/amanecer-1-9x12.webp 9w\" sizes=\"(max-width: 896px) 100vw, 896px\" \/>\t\t\t\t\t\t\t\t\t\t\t\t\t\t\t<\/div>\n\t\t\t\t<\/div>\n\t\t\t\t<div class=\"elementor-element elementor-element-da110ad elementor-absolute elementor-widget elementor-widget-image\" data-id=\"da110ad\" data-element_type=\"widget\" data-settings=\"{&quot;motion_fx_motion_fx_scrolling&quot;:&quot;yes&quot;,&quot;motion_fx_translateY_effect&quot;:&quot;yes&quot;,&quot;motion_fx_translateY_speed&quot;:{&quot;unit&quot;:&quot;px&quot;,&quot;size&quot;:1.6,&quot;sizes&quot;:[]},&quot;motion_fx_rotateZ_effect&quot;:&quot;yes&quot;,&quot;motion_fx_rotateZ_direction&quot;:&quot;negative&quot;,&quot;motion_fx_rotateZ_speed&quot;:{&quot;unit&quot;:&quot;px&quot;,&quot;size&quot;:0.2,&quot;sizes&quot;:[]},&quot;motion_fx_devices&quot;:[&quot;desktop&quot;,&quot;tablet&quot;],&quot;_position&quot;:&quot;absolute&quot;,&quot;motion_fx_translateY_affectedRange&quot;:{&quot;unit&quot;:&quot;%&quot;,&quot;size&quot;:&quot;&quot;,&quot;sizes&quot;:{&quot;start&quot;:0,&quot;end&quot;:100}},&quot;motion_fx_rotateZ_affectedRange&quot;:{&quot;unit&quot;:&quot;%&quot;,&quot;size&quot;:&quot;&quot;,&quot;sizes&quot;:{&quot;start&quot;:0,&quot;end&quot;:100}}}\" data-widget_type=\"image.default\">\n\t\t\t\t<div class=\"elementor-widget-container\">\n\t\t\t\t\t\t\t\t\t\t\t\t\t\t\t<img decoding=\"async\" width=\"850\" height=\"1133\" src=\"https:\/\/hostelachalay.com\/wp-content\/uploads\/2025\/06\/5-lagunas-1-1.webp\" class=\"attachment-full size-full wp-image-2156\" alt=\"\" srcset=\"https:\/\/hostelachalay.com\/wp-content\/uploads\/2025\/06\/5-lagunas-1-1.webp 850w, https:\/\/hostelachalay.com\/wp-content\/uploads\/2025\/06\/5-lagunas-1-1-225x300.webp 225w, https:\/\/hostelachalay.com\/wp-content\/uploads\/2025\/06\/5-lagunas-1-1-768x1024.webp 768w, https:\/\/hostelachalay.com\/wp-content\/uploads\/2025\/06\/5-lagunas-1-1-9x12.webp 9w\" sizes=\"(max-width: 850px) 100vw, 850px\" \/>\t\t\t\t\t\t\t\t\t\t\t\t\t\t\t<\/div>\n\t\t\t\t<\/div>\n\t\t\t\t<div class=\"elementor-element elementor-element-e9796ce elementor-absolute elementor-widget elementor-widget-image\" data-id=\"e9796ce\" data-element_type=\"widget\" data-settings=\"{&quot;motion_fx_motion_fx_scrolling&quot;:&quot;yes&quot;,&quot;motion_fx_translateY_effect&quot;:&quot;yes&quot;,&quot;motion_fx_translateY_speed&quot;:{&quot;unit&quot;:&quot;px&quot;,&quot;size&quot;:1.6,&quot;sizes&quot;:[]},&quot;motion_fx_rotateZ_effect&quot;:&quot;yes&quot;,&quot;motion_fx_rotateZ_direction&quot;:&quot;negative&quot;,&quot;motion_fx_rotateZ_speed&quot;:{&quot;unit&quot;:&quot;px&quot;,&quot;size&quot;:0.2,&quot;sizes&quot;:[]},&quot;motion_fx_devices&quot;:[&quot;desktop&quot;,&quot;tablet&quot;],&quot;_position&quot;:&quot;absolute&quot;,&quot;motion_fx_translateY_affectedRange&quot;:{&quot;unit&quot;:&quot;%&quot;,&quot;size&quot;:&quot;&quot;,&quot;sizes&quot;:{&quot;start&quot;:0,&quot;end&quot;:100}},&quot;motion_fx_rotateZ_affectedRange&quot;:{&quot;unit&quot;:&quot;%&quot;,&quot;size&quot;:&quot;&quot;,&quot;sizes&quot;:{&quot;start&quot;:0,&quot;end&quot;:100}}}\" data-widget_type=\"image.default\">\n\t\t\t\t<div class=\"elementor-widget-container\">\n\t\t\t\t\t\t\t\t\t\t\t\t\t\t\t<img decoding=\"async\" width=\"760\" height=\"1013\" src=\"https:\/\/hostelachalay.com\/wp-content\/uploads\/2025\/06\/villegas.webp\" class=\"attachment-full size-full wp-image-2159\" alt=\"\" srcset=\"https:\/\/hostelachalay.com\/wp-content\/uploads\/2025\/06\/villegas.webp 760w, https:\/\/hostelachalay.com\/wp-content\/uploads\/2025\/06\/villegas-225x300.webp 225w, https:\/\/hostelachalay.com\/wp-content\/uploads\/2025\/06\/villegas-9x12.webp 9w\" sizes=\"(max-width: 760px) 100vw, 760px\" \/>\t\t\t\t\t\t\t\t\t\t\t\t\t\t\t<\/div>\n\t\t\t\t<\/div>\n\t\t\t\t<\/div>\n\t\t<div class=\"elementor-element elementor-element-4f5f2b6 e-con-full e-flex e-con e-child\" data-id=\"4f5f2b6\" data-element_type=\"container\">\n\t\t\t\t<div class=\"elementor-element elementor-element-2dc21e4 elementor-widget elementor-widget-heading\" data-id=\"2dc21e4\" data-element_type=\"widget\" data-widget_type=\"heading.default\">\n\t\t\t\t<div class=\"elementor-widget-container\">\n\t\t\t\t\t<h2 class=\"elementor-heading-title elementor-size-default\">Voc\u00ea sabia que\u2026?<\/h2>\t\t\t\t<\/div>\n\t\t\t\t<\/div>\n\t\t\t\t<div class=\"elementor-element elementor-element-2a715a9 elementor-widget elementor-widget-text-editor\" data-id=\"2a715a9\" data-element_type=\"widget\" data-widget_type=\"text-editor.default\">\n\t\t\t\t<div class=\"elementor-widget-container\">\n\t\t\t\t\t\t\t\t\t<ul class=\"ul1\"><li class=\"li1\">Realizamos palestras semanais sobre trilhas.<\/li><li class=\"li1\">Fazemos caminhadas todas as semanas, por isso temos sempre informa\u00e7\u00f5es atualizadas.<\/li><li class=\"li1\">N\u00f3s temos um <b>grupo de montanha interno<\/b> onde compartilhamos informa\u00e7\u00f5es atualizadas, previs\u00e3o do tempo, equipamentos, mapas e experi\u00eancias.<\/li><\/ul>\t\t\t\t\t\t\t\t<\/div>\n\t\t\t\t<\/div>\n\t\t\t\t<div class=\"elementor-element elementor-element-bbc5215 elementor-widget elementor-widget-heading\" data-id=\"bbc5215\" data-element_type=\"widget\" data-widget_type=\"heading.default\">\n\t\t\t\t<div class=\"elementor-widget-container\">\n\t\t\t\t\t<h2 class=\"elementor-heading-title elementor-size-default\">Caminhe livremente, descanse com a fam\u00edlia.<\/h2>\t\t\t\t<\/div>\n\t\t\t\t<\/div>\n\t\t\t\t<div class=\"elementor-element elementor-element-ad1028b elementor-widget elementor-widget-text-editor\" data-id=\"ad1028b\" data-element_type=\"widget\" data-widget_type=\"text-editor.default\">\n\t\t\t\t<div class=\"elementor-widget-container\">\n\t\t\t\t\t\t\t\t\t<p class=\"p1\">Quer voc\u00ea venha para fazer trilhas, curtir a floresta, a neve ou o sil\u00eancio, em Achalay voc\u00ea encontrar\u00e1 muito mais do que recomenda\u00e7\u00f5es.<br \/>Voc\u00ea vai encontrar <b>pessoas que entendem o que voc\u00ea veio procurar.<\/b>.<\/p>\t\t\t\t\t\t\t\t<\/div>\n\t\t\t\t<\/div>\n\t\t\t\t<\/div>\n\t\t\t\t<\/div>\n\t\t<div class=\"elementor-element elementor-element-30c15ef e-con-full e-flex e-con e-parent\" data-id=\"30c15ef\" data-element_type=\"container\">\n\t\t\t\t<div class=\"elementor-element elementor-element-55e506d elementor-widget elementor-widget-heading\" data-id=\"55e506d\" data-element_type=\"widget\" data-widget_type=\"heading.default\">\n\t\t\t\t<div class=\"elementor-widget-container\">\n\t\t\t\t\t<h1 class=\"elementor-heading-title elementor-size-default\">Mapa de trekking<\/h1>\t\t\t\t<\/div>\n\t\t\t\t<\/div>\n\t\t\t\t<div class=\"elementor-element elementor-element-93e746a elementor-widget__width-initial elementor-widget-mobile__width-initial elementor-widget elementor-widget-text-editor\" data-id=\"93e746a\" data-element_type=\"widget\" data-widget_type=\"text-editor.default\">\n\t\t\t\t<div class=\"elementor-widget-container\">\n\t\t\t\t\t\t\t\t\t<p>Antes de partir, \u00e9 obrigat\u00f3rio concluir o Registro de Trekking (\u00e9 gratuito), acessando o link no bot\u00e3o abaixo.<\/p>\t\t\t\t\t\t\t\t<\/div>\n\t\t\t\t<\/div>\n\t\t\t\t<div class=\"elementor-element elementor-element-9441251 elementor-mobile-align-center elementor-widget elementor-widget-button\" data-id=\"9441251\" data-element_type=\"widget\" data-widget_type=\"button.default\">\n\t\t\t\t<div class=\"elementor-widget-container\">\n\t\t\t\t\t\t\t\t\t<div class=\"elementor-button-wrapper\">\n\t\t\t\t\t<a class=\"elementor-button elementor-button-link elementor-size-sm\" href=\"https:\/\/docs.google.com\/forms\/d\/e\/1FAIpQLSebNWaj1O74szXqz3gXq2JNGzbEmASCH1re6Vs2QWXGWOnmJw\/viewform\" target=\"_blank\">\n\t\t\t\t\t\t<span class=\"elementor-button-content-wrapper\">\n\t\t\t\t\t\t\t\t\t<span class=\"elementor-button-text\">Registro de caminhada<\/span>\n\t\t\t\t\t<\/span>\n\t\t\t\t\t<\/a>\n\t\t\t\t<\/div>\n\t\t\t\t\t\t\t\t<\/div>\n\t\t\t\t<\/div>\n\t\t\t\t<div class=\"elementor-element elementor-element-6d57980 elementor-widget elementor-widget-html\" data-id=\"6d57980\" data-element_type=\"widget\" data-widget_type=\"html.default\">\n\t\t\t\t<div class=\"elementor-widget-container\">\n\t\t\t\t\t<iframe \n  src=\"https:\/\/barilochetrekking.com\/mapa-general.html\" \n  width=\"100%\" \n  height=\"600\" \n  style=\"border:0;\" \n  loading=\"lazy\">\n<\/iframe>\t\t\t\t<\/div>\n\t\t\t\t<\/div>\n\t\t\t\t<div class=\"elementor-element elementor-element-ed2cde0 elementor-widget elementor-widget-heading\" data-id=\"ed2cde0\" data-element_type=\"widget\" data-widget_type=\"heading.default\">\n\t\t\t\t<div class=\"elementor-widget-container\">\n\t\t\t\t\t<h2 class=\"elementor-heading-title elementor-size-default\">Antes de partir para as montanhas...<\/h2>\t\t\t\t<\/div>\n\t\t\t\t<\/div>\n\t\t\t\t<div class=\"elementor-element elementor-element-0525012 elementor-widget elementor-widget-text-editor\" data-id=\"0525012\" data-element_type=\"widget\" data-widget_type=\"text-editor.default\">\n\t\t\t\t<div class=\"elementor-widget-container\">\n\t\t\t\t\t\t\t\t\t<p class=\"p1\">Explorar as trilhas de Bariloche \u00e9 uma experi\u00eancia inesquec\u00edvel, mas tamb\u00e9m requer prepara\u00e7\u00e3o e aten\u00e7\u00e3o.<\/p><p class=\"p1\">Antes de cada sa\u00edda, recomendamos:<\/p><ul class=\"ul1\"><li class=\"li1\">Consulte a previs\u00e3o do tempo, pois as condi\u00e7\u00f5es podem mudar rapidamente na Patag\u00f4nia.<\/li><li class=\"li1\">Leve uma mochila com \u00e1gua suficiente, alimentos energ\u00e9ticos e roupas quentes, mesmo que o dia pare\u00e7a ameno.<\/li><li class=\"li1\">Use cal\u00e7ado e roupas adequadas ao tipo de trilha que voc\u00ea vai percorrer.<\/li><li class=\"li1\">Lembre-se que \u00e9 estritamente proibido fazer fogueiras dentro do Parque Nacional.<\/li><li class=\"li1\">Planeje sua rota e verifique o n\u00edvel de dificuldade.<\/li><\/ul><p class=\"p1\">Na Achalay, estamos aqui para ajudar: se tiver alguma d\u00favida sobre as trilhas, o clima ou o que levar, passe na recep\u00e7\u00e3o ou escreva para n\u00f3s. Compartilharemos mapas, dicas e tudo o que sabemos para que voc\u00ea possa aproveitar as montanhas com seguran\u00e7a.<\/p><p class=\"p1\"><b>IMPORTANTE:<\/b> O preenchimento do cadastro para a trilha \u00e9 obrigat\u00f3rio (e gratuito). Acesse o link clicando no bot\u00e3o abaixo.<\/p>\t\t\t\t\t\t\t\t<\/div>\n\t\t\t\t<\/div>\n\t\t\t\t<div class=\"elementor-element elementor-element-2cd28e5 elementor-widget elementor-widget-button\" data-id=\"2cd28e5\" data-element_type=\"widget\" data-widget_type=\"button.default\">\n\t\t\t\t<div class=\"elementor-widget-container\">\n\t\t\t\t\t\t\t\t\t<div class=\"elementor-button-wrapper\">\n\t\t\t\t\t<a class=\"elementor-button elementor-button-link elementor-size-sm\" href=\"https:\/\/docs.google.com\/forms\/d\/e\/1FAIpQLSebNWaj1O74szXqz3gXq2JNGzbEmASCH1re6Vs2QWXGWOnmJw\/viewform\" target=\"_blank\">\n\t\t\t\t\t\t<span class=\"elementor-button-content-wrapper\">\n\t\t\t\t\t\t\t\t\t<span class=\"elementor-button-text\">Registro de caminhada<\/span>\n\t\t\t\t\t<\/span>\n\t\t\t\t\t<\/a>\n\t\t\t\t<\/div>\n\t\t\t\t\t\t\t\t<\/div>\n\t\t\t\t<\/div>\n\t\t\t\t<\/div>\n\t\t\t\t<\/div>","protected":false},"excerpt":{"rendered":"<p>Monta\u00f1a y trekking Bariloche empieza en tus pies En Achalay no solo te damos una cama y un desayuno casero.Te damos mapas, consejos reales, senderos escondidos y esa motivaci\u00f3n que te hace atarte los cordones y salir a caminar. Amamos la monta\u00f1a. Y si est\u00e1s leyendo esto, probablemente vos tambi\u00e9n. Sabemos que no todos vienen [&hellip;]<\/p>","protected":false},"author":2,"featured_media":0,"parent":0,"menu_order":0,"comment_status":"closed","ping_status":"closed","template":"","meta":{"footnotes":""},"class_list":["post-2009","page","type-page","status-publish","hentry"],"_links":{"self":[{"href":"https:\/\/hostelachalay.com\/pt\/wp-json\/wp\/v2\/pages\/2009","targetHints":{"allow":["GET"]}}],"collection":[{"href":"https:\/\/hostelachalay.com\/pt\/wp-json\/wp\/v2\/pages"}],"about":[{"href":"https:\/\/hostelachalay.com\/pt\/wp-json\/wp\/v2\/types\/page"}],"author":[{"embeddable":true,"href":"https:\/\/hostelachalay.com\/pt\/wp-json\/wp\/v2\/users\/2"}],"replies":[{"embeddable":true,"href":"https:\/\/hostelachalay.com\/pt\/wp-json\/wp\/v2\/comments?post=2009"}],"version-history":[{"count":46,"href":"https:\/\/hostelachalay.com\/pt\/wp-json\/wp\/v2\/pages\/2009\/revisions"}],"predecessor-version":[{"id":2247,"href":"https:\/\/hostelachalay.com\/pt\/wp-json\/wp\/v2\/pages\/2009\/revisions\/2247"}],"wp:attachment":[{"href":"https:\/\/hostelachalay.com\/pt\/wp-json\/wp\/v2\/media?parent=2009"}],"curies":[{"name":"wp","href":"https:\/\/api.w.org\/{rel}","templated":true}]}}