{"id":2061,"date":"2025-06-03T12:55:16","date_gmt":"2025-06-03T12:55:16","guid":{"rendered":"https:\/\/hostelachalay.com\/?page_id=2061"},"modified":"2025-10-14T15:54:01","modified_gmt":"2025-10-14T15:54:01","slug":"paquetes","status":"publish","type":"page","link":"https:\/\/hostelachalay.com\/pt\/paquetes\/","title":{"rendered":"Pacotes"},"content":{"rendered":"<div data-elementor-type=\"wp-page\" data-elementor-id=\"2061\" class=\"elementor elementor-2061\" data-elementor-post-type=\"page\">\n\t\t\t\t<div class=\"elementor-element elementor-element-7ebd21a e-con-full e-flex e-con e-parent\" data-id=\"7ebd21a\" data-element_type=\"container\" data-settings=\"{&quot;background_background&quot;:&quot;classic&quot;}\">\n\t\t\t\t<div class=\"elementor-element elementor-element-4661bd2 elementor-widget elementor-widget-heading\" data-id=\"4661bd2\" data-element_type=\"widget\" data-widget_type=\"heading.default\">\n\t\t\t\t<div class=\"elementor-widget-container\">\n\t\t\t\t\t<h1 class=\"elementor-heading-title elementor-size-default\">Promos destacadas <span style=\"font-style:Italic;font-weight:bold\"> <br>Hostel Achalay<\/span><\/h1>\t\t\t\t<\/div>\n\t\t\t\t<\/div>\n\t\t\t\t<div class=\"elementor-element elementor-element-e6d791b elementor-view-default elementor-widget elementor-widget-icon\" data-id=\"e6d791b\" data-element_type=\"widget\" data-widget_type=\"icon.default\">\n\t\t\t\t<div class=\"elementor-widget-container\">\n\t\t\t\t\t\t\t<div class=\"elementor-icon-wrapper\">\n\t\t\t<div class=\"elementor-icon\">\n\t\t\t<svg xmlns=\"http:\/\/www.w3.org\/2000\/svg\" width=\"56\" height=\"56\" viewbox=\"0 0 56 56\" fill=\"none\"><path d=\"M19.77 24.23L18 26L28 36L38 26L36.23 24.23L28 32.46L19.77 24.23Z\" fill=\"white\"><\/path><circle cx=\"28\" cy=\"28\" r=\"27\" stroke=\"white\" stroke-width=\"2\"><\/circle><\/svg>\t\t\t<\/div>\n\t\t<\/div>\n\t\t\t\t\t\t<\/div>\n\t\t\t\t<\/div>\n\t\t\t\t<\/div>\n\t\t<div class=\"elementor-element elementor-element-d9f4719 e-flex e-con-boxed e-con e-parent\" data-id=\"d9f4719\" data-element_type=\"container\">\n\t\t\t\t\t<div class=\"e-con-inner\">\n\t\t\t\t<div class=\"elementor-element elementor-element-3871c73 elementor-widget elementor-widget-heading\" data-id=\"3871c73\" data-element_type=\"widget\" data-widget_type=\"heading.default\">\n\t\t\t\t<div class=\"elementor-widget-container\">\n\t\t\t\t\t<h1 class=\"elementor-heading-title elementor-size-default\">Packs n\u00f3mades digitales<\/h1>\t\t\t\t<\/div>\n\t\t\t\t<\/div>\n\t\t\t\t<div class=\"elementor-element elementor-element-6db7b3e elementor-widget__width-initial elementor-widget-mobile__width-initial elementor-widget elementor-widget-text-editor\" data-id=\"6db7b3e\" data-element_type=\"widget\" data-widget_type=\"text-editor.default\">\n\t\t\t\t<div class=\"elementor-widget-container\">\n\t\t\t\t\t\t\t\t\t<p class=\"p1\"><b>Trabaj\u00e1 remoto, viv\u00ed la Patagonia<\/b><\/p><p class=\"p2\">En Achalay tenemos lo que necesit\u00e1s si viaj\u00e1s con la compu: buen wifi, espacio cowork, naturaleza a la vuelta y gente con buena vibra.<\/p>\t\t\t\t\t\t\t\t<\/div>\n\t\t\t\t<\/div>\n\t\t\t\t\t<\/div>\n\t\t\t\t<\/div>\n\t\t<div class=\"elementor-element elementor-element-ad6df67 e-flex e-con-boxed e-con e-parent\" data-id=\"ad6df67\" data-element_type=\"container\">\n\t\t\t\t\t<div class=\"e-con-inner\">\n\t\t<div class=\"elementor-element elementor-element-0b0d5c1 e-con-full e-flex e-con e-child\" data-id=\"0b0d5c1\" data-element_type=\"container\" data-settings=\"{&quot;background_background&quot;:&quot;classic&quot;}\">\n\t\t\t\t<div class=\"elementor-element elementor-element-929a566 elementor-widget elementor-widget-heading\" data-id=\"929a566\" data-element_type=\"widget\" data-widget_type=\"heading.default\">\n\t\t\t\t<div class=\"elementor-widget-container\">\n\t\t\t\t\t<h3 class=\"elementor-heading-title elementor-size-default\">\ud83d\udcc6 1 SEMANA \u2013 PRUEBA PATAG\u00d3NICA<\/h3>\t\t\t\t<\/div>\n\t\t\t\t<\/div>\n\t\t\t\t<div class=\"elementor-element elementor-element-f927cec elementor-widget-mobile__width-initial elementor-widget elementor-widget-text-editor\" data-id=\"f927cec\" data-element_type=\"widget\" data-widget_type=\"text-editor.default\">\n\t\t\t\t<div class=\"elementor-widget-container\">\n\t\t\t\t\t\t\t\t\t<p class=\"p1\">Ideal si ven\u00eds unos d\u00edas y quer\u00e9s combinar trabajo con naturaleza.<\/p><p class=\"p1\"><b>Incluye:<\/b><b><\/b><\/p><ul class=\"ul1\"><li class=\"li1\">7 noches en habitaci\u00f3n compartida<\/li><li class=\"li1\">Cowork libre con wifi r\u00e1pido<\/li><li class=\"li1\">1 lavado de ropa<\/li><li class=\"li1\">1 cena hostelera<\/li><li class=\"li1\">1 paseo guiado por la estepa (Arroyo Casa de Piedra)<\/li><\/ul><p class=\"p1\"><span class=\"s2\">\ud83d\udc49<\/span> <i>Perfecto para una pausa inspiradora.<\/i><i><\/i><\/p>\t\t\t\t\t\t\t\t<\/div>\n\t\t\t\t<\/div>\n\t\t\t\t<div class=\"elementor-element elementor-element-8f4ce0f elementor-widget elementor-widget-button\" data-id=\"8f4ce0f\" data-element_type=\"widget\" data-widget_type=\"button.default\">\n\t\t\t\t<div class=\"elementor-widget-container\">\n\t\t\t\t\t\t\t\t\t<div class=\"elementor-button-wrapper\">\n\t\t\t\t\t<a class=\"elementor-button elementor-button-link elementor-size-sm\" href=\"https:\/\/api.whatsapp.com\/send\/?phone=5492944292055&#038;text&#038;type=phone_number&#038;app_absent=0\">\n\t\t\t\t\t\t<span class=\"elementor-button-content-wrapper\">\n\t\t\t\t\t\t\t\t\t<span class=\"elementor-button-text\">Reservar<\/span>\n\t\t\t\t\t<\/span>\n\t\t\t\t\t<\/a>\n\t\t\t\t<\/div>\n\t\t\t\t\t\t\t\t<\/div>\n\t\t\t\t<\/div>\n\t\t\t\t<\/div>\n\t\t<div class=\"elementor-element elementor-element-903d61f e-con-full e-flex e-con e-child\" data-id=\"903d61f\" data-element_type=\"container\" data-settings=\"{&quot;background_background&quot;:&quot;classic&quot;}\">\n\t\t\t\t<div class=\"elementor-element elementor-element-2e14d48 elementor-widget elementor-widget-heading\" data-id=\"2e14d48\" data-element_type=\"widget\" data-widget_type=\"heading.default\">\n\t\t\t\t<div class=\"elementor-widget-container\">\n\t\t\t\t\t<h3 class=\"elementor-heading-title elementor-size-default\">\ud83d\udcc6 2 SEMANAS \u2013 CONEXI\u00d3N PROFUNDA\n<\/h3>\t\t\t\t<\/div>\n\t\t\t\t<\/div>\n\t\t\t\t<div class=\"elementor-element elementor-element-df44aac elementor-widget-mobile__width-initial elementor-widget elementor-widget-text-editor\" data-id=\"df44aac\" data-element_type=\"widget\" data-widget_type=\"text-editor.default\">\n\t\t\t\t<div class=\"elementor-widget-container\">\n\t\t\t\t\t\t\t\t\t<p class=\"p1\">Para quienes necesitan un poco m\u00e1s: tiempo de enfocarse\u2026 y tambi\u00e9n de desconectarse.<\/p><p class=\"p1\"><b>Incluye:<\/b><b><\/b><\/p><ul class=\"ul1\"><li class=\"li1\">14 noches en habitaci\u00f3n compartida<\/li><li class=\"li1\">Espacio cowork full<\/li><li class=\"li1\">2 lavados de ropa<\/li><li class=\"li1\">2 cenas hosteleras<\/li><li class=\"li1\">1 bici para Circuito Chico<\/li><li class=\"li1\">1 caminata por el bosque<\/li><\/ul><p class=\"p1\"><span class=\"s2\">\ud83d\udc49<\/span> <i>Conect\u00e1 con tu trabajo, tu cuerpo y la monta\u00f1a.<\/i><i><\/i><\/p>\t\t\t\t\t\t\t\t<\/div>\n\t\t\t\t<\/div>\n\t\t\t\t<div class=\"elementor-element elementor-element-8b7b97d elementor-widget elementor-widget-button\" data-id=\"8b7b97d\" data-element_type=\"widget\" data-widget_type=\"button.default\">\n\t\t\t\t<div class=\"elementor-widget-container\">\n\t\t\t\t\t\t\t\t\t<div class=\"elementor-button-wrapper\">\n\t\t\t\t\t<a class=\"elementor-button elementor-button-link elementor-size-sm\" href=\"https:\/\/api.whatsapp.com\/send\/?phone=5492944292055&#038;text&#038;type=phone_number&#038;app_absent=0\">\n\t\t\t\t\t\t<span class=\"elementor-button-content-wrapper\">\n\t\t\t\t\t\t\t\t\t<span class=\"elementor-button-text\">Reservar<\/span>\n\t\t\t\t\t<\/span>\n\t\t\t\t\t<\/a>\n\t\t\t\t<\/div>\n\t\t\t\t\t\t\t\t<\/div>\n\t\t\t\t<\/div>\n\t\t\t\t<\/div>\n\t\t\t\t\t<\/div>\n\t\t\t\t<\/div>\n\t\t<div class=\"elementor-element elementor-element-1738780 e-flex e-con-boxed e-con e-parent\" data-id=\"1738780\" data-element_type=\"container\">\n\t\t\t\t\t<div class=\"e-con-inner\">\n\t\t<div class=\"elementor-element elementor-element-893f670 e-con-full e-flex e-con e-child\" data-id=\"893f670\" data-element_type=\"container\" data-settings=\"{&quot;background_background&quot;:&quot;classic&quot;}\">\n\t\t\t\t<div class=\"elementor-element elementor-element-9e25ee1 elementor-widget elementor-widget-heading\" data-id=\"9e25ee1\" data-element_type=\"widget\" data-widget_type=\"heading.default\">\n\t\t\t\t<div class=\"elementor-widget-container\">\n\t\t\t\t\t<h3 class=\"elementor-heading-title elementor-size-default\">\ud83d\udcc6 1 MES \u2013 VIDA REMOTA EN LA CORDILLERA\n<\/h3>\t\t\t\t<\/div>\n\t\t\t\t<\/div>\n\t\t\t\t<div class=\"elementor-element elementor-element-2c3fc87 elementor-widget-mobile__width-initial elementor-widget elementor-widget-text-editor\" data-id=\"2c3fc87\" data-element_type=\"widget\" data-widget_type=\"text-editor.default\">\n\t\t\t\t<div class=\"elementor-widget-container\">\n\t\t\t\t\t\t\t\t\t<p class=\"p1\">El plan para quienes ya viven viajando y quieren instalarse un tiempo.<\/p><p class=\"p1\"><b>Incluye:<\/b><b><\/b><\/p><ul class=\"ul1\"><li class=\"li1\">28 noches en habitaci\u00f3n compartida<\/li><li class=\"li1\">Acceso full al cowork<\/li><li class=\"li1\">4 lavados de ropa<\/li><li class=\"li1\">3 cenas compartidas<\/li><li class=\"li1\">1 paseo en bici + 2 caminatas guiadas<\/li><li class=\"li1\">Descuento en excursiones y clases de yoga o escalada<\/li><li class=\"li1\">Espacio de guardado + prioridad para extensi\u00f3n de estad\u00eda<\/li><\/ul><p class=\"p1\"><b>Opcional<\/b>: traslados aeropuerto-hostel-aeropuerto<\/p><p class=\"p1\"><span class=\"s2\">\ud83d\udc49<\/span> <i>Tu casa en la Patagonia, sin contrato ni oficina.<\/i><i><\/i><\/p>\t\t\t\t\t\t\t\t<\/div>\n\t\t\t\t<\/div>\n\t\t\t\t<div class=\"elementor-element elementor-element-b81b4ce elementor-widget elementor-widget-button\" data-id=\"b81b4ce\" data-element_type=\"widget\" data-widget_type=\"button.default\">\n\t\t\t\t<div class=\"elementor-widget-container\">\n\t\t\t\t\t\t\t\t\t<div class=\"elementor-button-wrapper\">\n\t\t\t\t\t<a class=\"elementor-button elementor-button-link elementor-size-sm\" href=\"https:\/\/api.whatsapp.com\/send\/?phone=5492944292055&#038;text&#038;type=phone_number&#038;app_absent=0\">\n\t\t\t\t\t\t<span class=\"elementor-button-content-wrapper\">\n\t\t\t\t\t\t\t\t\t<span class=\"elementor-button-text\">Reservar<\/span>\n\t\t\t\t\t<\/span>\n\t\t\t\t\t<\/a>\n\t\t\t\t<\/div>\n\t\t\t\t\t\t\t\t<\/div>\n\t\t\t\t<\/div>\n\t\t\t\t<\/div>\n\t\t\t\t\t<\/div>\n\t\t\t\t<\/div>\n\t\t\t\t<\/div>","protected":false},"excerpt":{"rendered":"<p>Promos destacadas Hostel Achalay Packs n\u00f3mades digitales Trabaj\u00e1 remoto, viv\u00ed la Patagonia En Achalay tenemos lo que necesit\u00e1s si viaj\u00e1s con la compu: buen wifi, espacio cowork, naturaleza a la vuelta y gente con buena vibra. \ud83d\udcc6 1 SEMANA \u2013 PRUEBA PATAG\u00d3NICA Ideal si ven\u00eds unos d\u00edas y quer\u00e9s combinar trabajo con naturaleza. Incluye: 7 [&hellip;]<\/p>","protected":false},"author":2,"featured_media":0,"parent":0,"menu_order":0,"comment_status":"closed","ping_status":"closed","template":"","meta":{"footnotes":""},"class_list":["post-2061","page","type-page","status-publish","hentry"],"_links":{"self":[{"href":"https:\/\/hostelachalay.com\/pt\/wp-json\/wp\/v2\/pages\/2061","targetHints":{"allow":["GET"]}}],"collection":[{"href":"https:\/\/hostelachalay.com\/pt\/wp-json\/wp\/v2\/pages"}],"about":[{"href":"https:\/\/hostelachalay.com\/pt\/wp-json\/wp\/v2\/types\/page"}],"author":[{"embeddable":true,"href":"https:\/\/hostelachalay.com\/pt\/wp-json\/wp\/v2\/users\/2"}],"replies":[{"embeddable":true,"href":"https:\/\/hostelachalay.com\/pt\/wp-json\/wp\/v2\/comments?post=2061"}],"version-history":[{"count":37,"href":"https:\/\/hostelachalay.com\/pt\/wp-json\/wp\/v2\/pages\/2061\/revisions"}],"predecessor-version":[{"id":2238,"href":"https:\/\/hostelachalay.com\/pt\/wp-json\/wp\/v2\/pages\/2061\/revisions\/2238"}],"wp:attachment":[{"href":"https:\/\/hostelachalay.com\/pt\/wp-json\/wp\/v2\/media?parent=2061"}],"curies":[{"name":"wp","href":"https:\/\/api.w.org\/{rel}","templated":true}]}}