{"id":669,"date":"2023-03-09T03:01:23","date_gmt":"2023-03-09T03:01:23","guid":{"rendered":"https:\/\/hostelachalay.com\/?page_id=669"},"modified":"2023-03-09T03:02:46","modified_gmt":"2023-03-09T03:02:46","slug":"blog","status":"publish","type":"page","link":"https:\/\/hostelachalay.com\/pt\/blog\/","title":{"rendered":"Blog"},"content":{"rendered":"<div data-elementor-type=\"wp-page\" data-elementor-id=\"669\" class=\"elementor elementor-669\" data-elementor-post-type=\"page\">\n\t\t\t\t<div class=\"elementor-element elementor-element-4c4bf88 e-con-full e-flex e-con e-parent\" data-id=\"4c4bf88\" data-element_type=\"container\" data-settings=\"{&quot;background_background&quot;:&quot;classic&quot;}\">\n\t\t\t\t<div class=\"elementor-element elementor-element-cfc1fef elementor-widget elementor-widget-heading\" data-id=\"cfc1fef\" data-element_type=\"widget\" data-widget_type=\"heading.default\">\n\t\t\t\t<div class=\"elementor-widget-container\">\n\t\t\t\t\t<h1 class=\"elementor-heading-title elementor-size-default\">Descubra<span style=\"font-style:Italic;font-weight:bold\"> <br>conosco<\/span><\/h1>\t\t\t\t<\/div>\n\t\t\t\t<\/div>\n\t\t\t\t<div class=\"elementor-element elementor-element-0d3d811 elementor-view-default elementor-widget elementor-widget-icon\" data-id=\"0d3d811\" data-element_type=\"widget\" data-widget_type=\"icon.default\">\n\t\t\t\t<div class=\"elementor-widget-container\">\n\t\t\t\t\t\t\t<div class=\"elementor-icon-wrapper\">\n\t\t\t<div class=\"elementor-icon\">\n\t\t\t<svg xmlns=\"http:\/\/www.w3.org\/2000\/svg\" width=\"56\" height=\"56\" viewbox=\"0 0 56 56\" fill=\"none\"><path d=\"M19.77 24.23L18 26L28 36L38 26L36.23 24.23L28 32.46L19.77 24.23Z\" fill=\"white\"><\/path><circle cx=\"28\" cy=\"28\" r=\"27\" stroke=\"white\" stroke-width=\"2\"><\/circle><\/svg>\t\t\t<\/div>\n\t\t<\/div>\n\t\t\t\t\t\t<\/div>\n\t\t\t\t<\/div>\n\t\t\t\t<\/div>\n\t\t<div class=\"elementor-element elementor-element-5f95263 e-con-full e-flex e-con e-parent\" data-id=\"5f95263\" data-element_type=\"container\">\n\t\t\t\t<div class=\"elementor-element elementor-element-22a73ce elementor-grid-3 elementor-grid-tablet-2 elementor-grid-mobile-1 elementor-posts--thumbnail-top elementor-widget elementor-widget-posts\" data-id=\"22a73ce\" data-element_type=\"widget\" data-settings=\"{&quot;classic_columns&quot;:&quot;3&quot;,&quot;classic_columns_tablet&quot;:&quot;2&quot;,&quot;classic_columns_mobile&quot;:&quot;1&quot;,&quot;classic_row_gap&quot;:{&quot;unit&quot;:&quot;px&quot;,&quot;size&quot;:35,&quot;sizes&quot;:[]},&quot;classic_row_gap_tablet&quot;:{&quot;unit&quot;:&quot;px&quot;,&quot;size&quot;:&quot;&quot;,&quot;sizes&quot;:[]},&quot;classic_row_gap_mobile&quot;:{&quot;unit&quot;:&quot;px&quot;,&quot;size&quot;:&quot;&quot;,&quot;sizes&quot;:[]}}\" data-widget_type=\"posts.classic\">\n\t\t\t\t<div class=\"elementor-widget-container\">\n\t\t\t\t\t\t\t<div class=\"elementor-posts-container elementor-posts elementor-posts--skin-classic elementor-grid\">\n\t\t\t\t<article class=\"elementor-post elementor-grid-item post-2224 post type-post status-publish format-standard has-post-thumbnail hentry category-uncategorized\">\n\t\t\t\t<a class=\"elementor-post__thumbnail__link\" href=\"https:\/\/hostelachalay.com\/pt\/bariloche-a-la-carta-2025-ya-tiene-fecha-para-el-disfrute-del-sabor-patagonico\/\" tabindex=\"-1\" >\n\t\t\t<div class=\"elementor-post__thumbnail\"><img fetchpriority=\"high\" decoding=\"async\" width=\"667\" height=\"540\" src=\"https:\/\/hostelachalay.com\/wp-content\/uploads\/2025\/08\/felicitas-30-e1756504490916.jpg\" class=\"attachment-full size-full wp-image-2231\" alt=\"\" srcset=\"https:\/\/hostelachalay.com\/wp-content\/uploads\/2025\/08\/felicitas-30-e1756504490916.jpg 667w, https:\/\/hostelachalay.com\/wp-content\/uploads\/2025\/08\/felicitas-30-e1756504490916-300x243.jpg 300w, https:\/\/hostelachalay.com\/wp-content\/uploads\/2025\/08\/felicitas-30-e1756504490916-15x12.jpg 15w\" sizes=\"(max-width: 667px) 100vw, 667px\" \/><\/div>\n\t\t<\/a>\n\t\t\t\t<div class=\"elementor-post__text\">\n\t\t\t\t<h3 class=\"elementor-post__title\">\n\t\t\t<a href=\"https:\/\/hostelachalay.com\/pt\/bariloche-a-la-carta-2025-ya-tiene-fecha-para-el-disfrute-del-sabor-patagonico\/\" >\n\t\t\t\tBariloche A La Carta 2025 ya tiene fecha para el disfrute del sabor patag\u00f3nico\t\t\t<\/a>\n\t\t<\/h3>\n\t\t\t\t<div class=\"elementor-post__meta-data\">\n\t\t\t\t\t<span class=\"elementor-post-date\">\n\t\t\tagosto 29, 2025\t\t<\/span>\n\t\t\t\t<\/div>\n\t\t\t\t<div class=\"elementor-post__excerpt\">\n\t\t\t<p>En octubre se realizar\u00e1 la 12\u00b0 edici\u00f3n de la fiesta gastron\u00f3mica m\u00e1s importante de la Patagonia. M\u00e1s de 80 establecimientos, productores regionales, foodtrucks y una<\/p>\n\t\t<\/div>\n\t\t\n\t\t<a class=\"elementor-post__read-more\" href=\"https:\/\/hostelachalay.com\/pt\/bariloche-a-la-carta-2025-ya-tiene-fecha-para-el-disfrute-del-sabor-patagonico\/\" aria-label=\"Read more about Bariloche A La Carta 2025 ya tiene fecha para el disfrute del sabor patag\u00f3nico\" tabindex=\"-1\" >\n\t\t\tLer mais\t\t<\/a>\n\n\t\t\t\t<\/div>\n\t\t\t\t<\/article>\n\t\t\t\t<article class=\"elementor-post elementor-grid-item post-2218 post type-post status-publish format-standard has-post-thumbnail hentry category-uncategorized\">\n\t\t\t\t<a class=\"elementor-post__thumbnail__link\" href=\"https:\/\/hostelachalay.com\/pt\/bariloche-sera-sede-de-una-de-las-carreras-de-trail-mas-importantes-del-mundo\/\" tabindex=\"-1\" >\n\t\t\t<div class=\"elementor-post__thumbnail\"><img decoding=\"async\" width=\"992\" height=\"661\" src=\"https:\/\/hostelachalay.com\/wp-content\/uploads\/2025\/08\/md-1.webp\" class=\"attachment-full size-full wp-image-2219\" alt=\"\" srcset=\"https:\/\/hostelachalay.com\/wp-content\/uploads\/2025\/08\/md-1.webp 992w, https:\/\/hostelachalay.com\/wp-content\/uploads\/2025\/08\/md-1-300x200.webp 300w, https:\/\/hostelachalay.com\/wp-content\/uploads\/2025\/08\/md-1-768x512.webp 768w, https:\/\/hostelachalay.com\/wp-content\/uploads\/2025\/08\/md-1-18x12.webp 18w\" sizes=\"(max-width: 992px) 100vw, 992px\" \/><\/div>\n\t\t<\/a>\n\t\t\t\t<div class=\"elementor-post__text\">\n\t\t\t\t<h3 class=\"elementor-post__title\">\n\t\t\t<a href=\"https:\/\/hostelachalay.com\/pt\/bariloche-sera-sede-de-una-de-las-carreras-de-trail-mas-importantes-del-mundo\/\" >\n\t\t\t\tBariloche ser\u00e1 sede de una de las carreras de trail m\u00e1s importantes del mundo\t\t\t<\/a>\n\t\t<\/h3>\n\t\t\t\t<div class=\"elementor-post__meta-data\">\n\t\t\t\t\t<span class=\"elementor-post-date\">\n\t\t\tagosto 29, 2025\t\t<\/span>\n\t\t\t\t<\/div>\n\t\t\t\t<div class=\"elementor-post__excerpt\">\n\t\t\t<p>La ciudad recibir\u00e1 una de las fechas del World Trail Majors, un trail running que recorre escenarios mundiales como el Monte Fuji en Jap\u00f3n, Madeira<\/p>\n\t\t<\/div>\n\t\t\n\t\t<a class=\"elementor-post__read-more\" href=\"https:\/\/hostelachalay.com\/pt\/bariloche-sera-sede-de-una-de-las-carreras-de-trail-mas-importantes-del-mundo\/\" aria-label=\"Read more about Bariloche ser\u00e1 sede de una de las carreras de trail m\u00e1s importantes del mundo\" tabindex=\"-1\" >\n\t\t\tLer mais\t\t<\/a>\n\n\t\t\t\t<\/div>\n\t\t\t\t<\/article>\n\t\t\t\t<article class=\"elementor-post elementor-grid-item post-2208 post type-post status-publish format-standard has-post-thumbnail hentry category-uncategorized\">\n\t\t\t\t<a class=\"elementor-post__thumbnail__link\" href=\"https:\/\/hostelachalay.com\/pt\/temporada-invierno-como-prepararse-para-salir-a-caminar-por-los-senderos-de-montana\/\" tabindex=\"-1\" >\n\t\t\t<div class=\"elementor-post__thumbnail\"><img decoding=\"async\" width=\"992\" height=\"992\" src=\"https:\/\/hostelachalay.com\/wp-content\/uploads\/2025\/08\/md.webp\" class=\"attachment-full size-full wp-image-2209\" alt=\"\" srcset=\"https:\/\/hostelachalay.com\/wp-content\/uploads\/2025\/08\/md.webp 992w, https:\/\/hostelachalay.com\/wp-content\/uploads\/2025\/08\/md-300x300.webp 300w, https:\/\/hostelachalay.com\/wp-content\/uploads\/2025\/08\/md-150x150.webp 150w, https:\/\/hostelachalay.com\/wp-content\/uploads\/2025\/08\/md-768x768.webp 768w, https:\/\/hostelachalay.com\/wp-content\/uploads\/2025\/08\/md-12x12.webp 12w\" sizes=\"(max-width: 992px) 100vw, 992px\" \/><\/div>\n\t\t<\/a>\n\t\t\t\t<div class=\"elementor-post__text\">\n\t\t\t\t<h3 class=\"elementor-post__title\">\n\t\t\t<a href=\"https:\/\/hostelachalay.com\/pt\/temporada-invierno-como-prepararse-para-salir-a-caminar-por-los-senderos-de-montana\/\" >\n\t\t\t\tTemporada Invierno: c\u00f3mo prepararse para salir a caminar por los senderos de monta\u00f1a\t\t\t<\/a>\n\t\t<\/h3>\n\t\t\t\t<div class=\"elementor-post__meta-data\">\n\t\t\t\t\t<span class=\"elementor-post-date\">\n\t\t\tagosto 4, 2025\t\t<\/span>\n\t\t\t\t<\/div>\n\t\t\t\t<div class=\"elementor-post__excerpt\">\n\t\t\t<p>Durante el invierno en Bariloche, los caminos de monta\u00f1a pueden presentar condiciones que dificulten la circulaci\u00f3n y aumenten los riesgos para quienes salen a disfrutar<\/p>\n\t\t<\/div>\n\t\t\n\t\t<a class=\"elementor-post__read-more\" href=\"https:\/\/hostelachalay.com\/pt\/temporada-invierno-como-prepararse-para-salir-a-caminar-por-los-senderos-de-montana\/\" aria-label=\"Read more about Temporada Invierno: c\u00f3mo prepararse para salir a caminar por los senderos de monta\u00f1a\" tabindex=\"-1\" >\n\t\t\tLer mais\t\t<\/a>\n\n\t\t\t\t<\/div>\n\t\t\t\t<\/article>\n\t\t\t\t<article class=\"elementor-post elementor-grid-item post-2200 post type-post status-publish format-standard has-post-thumbnail hentry category-uncategorized\">\n\t\t\t\t<a class=\"elementor-post__thumbnail__link\" href=\"https:\/\/hostelachalay.com\/pt\/trekking-en-bariloche-recomendaciones-para-una-caminata-segura\/\" tabindex=\"-1\" >\n\t\t\t<div class=\"elementor-post__thumbnail\"><img loading=\"lazy\" decoding=\"async\" width=\"1393\" height=\"1044\" src=\"https:\/\/hostelachalay.com\/wp-content\/uploads\/2025\/07\/la-gente-camina-traves-de-las-montanas-cubiertas-de-nieve-1.webp\" class=\"attachment-full size-full wp-image-2201\" alt=\"\" srcset=\"https:\/\/hostelachalay.com\/wp-content\/uploads\/2025\/07\/la-gente-camina-traves-de-las-montanas-cubiertas-de-nieve-1.webp 1393w, https:\/\/hostelachalay.com\/wp-content\/uploads\/2025\/07\/la-gente-camina-traves-de-las-montanas-cubiertas-de-nieve-1-300x225.webp 300w, https:\/\/hostelachalay.com\/wp-content\/uploads\/2025\/07\/la-gente-camina-traves-de-las-montanas-cubiertas-de-nieve-1-1024x767.webp 1024w, https:\/\/hostelachalay.com\/wp-content\/uploads\/2025\/07\/la-gente-camina-traves-de-las-montanas-cubiertas-de-nieve-1-768x576.webp 768w, https:\/\/hostelachalay.com\/wp-content\/uploads\/2025\/07\/la-gente-camina-traves-de-las-montanas-cubiertas-de-nieve-1-16x12.webp 16w\" sizes=\"(max-width: 1393px) 100vw, 1393px\" \/><\/div>\n\t\t<\/a>\n\t\t\t\t<div class=\"elementor-post__text\">\n\t\t\t\t<h3 class=\"elementor-post__title\">\n\t\t\t<a href=\"https:\/\/hostelachalay.com\/pt\/trekking-en-bariloche-recomendaciones-para-una-caminata-segura\/\" >\n\t\t\t\t\u00bfTrekking en Bariloche? Recomendaciones para una caminata segura\t\t\t<\/a>\n\t\t<\/h3>\n\t\t\t\t<div class=\"elementor-post__meta-data\">\n\t\t\t\t\t<span class=\"elementor-post-date\">\n\t\t\tjulho 24, 2025\t\t<\/span>\n\t\t\t\t<\/div>\n\t\t\t\t<div class=\"elementor-post__excerpt\">\n\t\t\t<p>El invierno en San Carlos de Bariloche ofrece paisajes \u00fanicos y una gran variedad de senderos para recorrer, pero es fundamental tomar precauciones antes de<\/p>\n\t\t<\/div>\n\t\t\n\t\t<a class=\"elementor-post__read-more\" href=\"https:\/\/hostelachalay.com\/pt\/trekking-en-bariloche-recomendaciones-para-una-caminata-segura\/\" aria-label=\"Read more about \u00bfTrekking en Bariloche? Recomendaciones para una caminata segura\" tabindex=\"-1\" >\n\t\t\tLer mais\t\t<\/a>\n\n\t\t\t\t<\/div>\n\t\t\t\t<\/article>\n\t\t\t\t<article class=\"elementor-post elementor-grid-item post-2194 post type-post status-publish format-standard has-post-thumbnail hentry category-uncategorized\">\n\t\t\t\t<a class=\"elementor-post__thumbnail__link\" href=\"https:\/\/hostelachalay.com\/pt\/condiciones-de-montana-y-compromiso-compartido-por-la-seguridad-en-catedral\/\" tabindex=\"-1\" >\n\t\t\t<div class=\"elementor-post__thumbnail\"><img loading=\"lazy\" decoding=\"async\" width=\"992\" height=\"744\" src=\"https:\/\/hostelachalay.com\/wp-content\/uploads\/2025\/07\/md.webp\" class=\"attachment-full size-full wp-image-2195\" alt=\"\" srcset=\"https:\/\/hostelachalay.com\/wp-content\/uploads\/2025\/07\/md.webp 992w, https:\/\/hostelachalay.com\/wp-content\/uploads\/2025\/07\/md-300x225.webp 300w, https:\/\/hostelachalay.com\/wp-content\/uploads\/2025\/07\/md-768x576.webp 768w, https:\/\/hostelachalay.com\/wp-content\/uploads\/2025\/07\/md-16x12.webp 16w\" sizes=\"(max-width: 992px) 100vw, 992px\" \/><\/div>\n\t\t<\/a>\n\t\t\t\t<div class=\"elementor-post__text\">\n\t\t\t\t<h3 class=\"elementor-post__title\">\n\t\t\t<a href=\"https:\/\/hostelachalay.com\/pt\/condiciones-de-montana-y-compromiso-compartido-por-la-seguridad-en-catedral\/\" >\n\t\t\t\tCondiciones de monta\u00f1a y compromiso compartido por la seguridad en Catedral\t\t\t<\/a>\n\t\t<\/h3>\n\t\t\t\t<div class=\"elementor-post__meta-data\">\n\t\t\t\t\t<span class=\"elementor-post-date\">\n\t\t\tjulho 17, 2025\t\t<\/span>\n\t\t\t\t<\/div>\n\t\t\t\t<div class=\"elementor-post__excerpt\">\n\t\t\t<p>Desde Catedral Alta Patagonia recalcan la importancia del trabajo conjunto para garantizar una experiencia segura y responsable en la monta\u00f1a. Comenz\u00f3 la temporada invernal con<\/p>\n\t\t<\/div>\n\t\t\n\t\t<a class=\"elementor-post__read-more\" href=\"https:\/\/hostelachalay.com\/pt\/condiciones-de-montana-y-compromiso-compartido-por-la-seguridad-en-catedral\/\" aria-label=\"Read more about Condiciones de monta\u00f1a y compromiso compartido por la seguridad en Catedral\" tabindex=\"-1\" >\n\t\t\tLer mais\t\t<\/a>\n\n\t\t\t\t<\/div>\n\t\t\t\t<\/article>\n\t\t\t\t<article class=\"elementor-post elementor-grid-item post-2163 post type-post status-publish format-standard has-post-thumbnail hentry category-uncategorized\">\n\t\t\t\t<a class=\"elementor-post__thumbnail__link\" href=\"https:\/\/hostelachalay.com\/pt\/bariloche-lanzo-oficialmente-la-54a-fiesta-nacional-de-la-nieve-tradicion-shows-gratuitos-y-actividades-para-toda-la-ciudad\/\" tabindex=\"-1\" >\n\t\t\t<div class=\"elementor-post__thumbnail\"><img loading=\"lazy\" decoding=\"async\" width=\"992\" height=\"660\" src=\"https:\/\/hostelachalay.com\/wp-content\/uploads\/2025\/06\/md-1-1.webp\" class=\"attachment-full size-full wp-image-2164\" alt=\"\" srcset=\"https:\/\/hostelachalay.com\/wp-content\/uploads\/2025\/06\/md-1-1.webp 992w, https:\/\/hostelachalay.com\/wp-content\/uploads\/2025\/06\/md-1-1-300x200.webp 300w, https:\/\/hostelachalay.com\/wp-content\/uploads\/2025\/06\/md-1-1-768x511.webp 768w, https:\/\/hostelachalay.com\/wp-content\/uploads\/2025\/06\/md-1-1-18x12.webp 18w\" sizes=\"(max-width: 992px) 100vw, 992px\" \/><\/div>\n\t\t<\/a>\n\t\t\t\t<div class=\"elementor-post__text\">\n\t\t\t\t<h3 class=\"elementor-post__title\">\n\t\t\t<a href=\"https:\/\/hostelachalay.com\/pt\/bariloche-lanzo-oficialmente-la-54a-fiesta-nacional-de-la-nieve-tradicion-shows-gratuitos-y-actividades-para-toda-la-ciudad\/\" >\n\t\t\t\tBariloche lanz\u00f3 oficialmente la 54\u00aa Fiesta Nacional de la Nieve: tradici\u00f3n, shows gratuitos y actividades para toda la ciudad\t\t\t<\/a>\n\t\t<\/h3>\n\t\t\t\t<div class=\"elementor-post__meta-data\">\n\t\t\t\t\t<span class=\"elementor-post-date\">\n\t\t\tjunho 26, 2025\t\t<\/span>\n\t\t\t\t<\/div>\n\t\t\t\t<div class=\"elementor-post__excerpt\">\n\t\t\t<p>El evento se realizar\u00e1 del 15 al 17 de agosto con apoyo privado. Habr\u00e1 concurso de hacheros, elecci\u00f3n de la Reina, esculturas de hielo, carrera<\/p>\n\t\t<\/div>\n\t\t\n\t\t<a class=\"elementor-post__read-more\" href=\"https:\/\/hostelachalay.com\/pt\/bariloche-lanzo-oficialmente-la-54a-fiesta-nacional-de-la-nieve-tradicion-shows-gratuitos-y-actividades-para-toda-la-ciudad\/\" aria-label=\"Read more about Bariloche lanz\u00f3 oficialmente la 54\u00aa Fiesta Nacional de la Nieve: tradici\u00f3n, shows gratuitos y actividades para toda la ciudad\" tabindex=\"-1\" >\n\t\t\tLer mais\t\t<\/a>\n\n\t\t\t\t<\/div>\n\t\t\t\t<\/article>\n\t\t\t\t<\/div>\n\t\t\n\t\t\t\t\t\t<\/div>\n\t\t\t\t<\/div>\n\t\t\t\t<\/div>\n\t\t\t\t<\/div>","protected":false},"excerpt":{"rendered":"<p>Descubr\u00ed con nosotros<\/p>","protected":false},"author":1,"featured_media":0,"parent":0,"menu_order":0,"comment_status":"closed","ping_status":"closed","template":"","meta":{"footnotes":""},"class_list":["post-669","page","type-page","status-publish","hentry"],"_links":{"self":[{"href":"https:\/\/hostelachalay.com\/pt\/wp-json\/wp\/v2\/pages\/669","targetHints":{"allow":["GET"]}}],"collection":[{"href":"https:\/\/hostelachalay.com\/pt\/wp-json\/wp\/v2\/pages"}],"about":[{"href":"https:\/\/hostelachalay.com\/pt\/wp-json\/wp\/v2\/types\/page"}],"author":[{"embeddable":true,"href":"https:\/\/hostelachalay.com\/pt\/wp-json\/wp\/v2\/users\/1"}],"replies":[{"embeddable":true,"href":"https:\/\/hostelachalay.com\/pt\/wp-json\/wp\/v2\/comments?post=669"}],"version-history":[{"count":5,"href":"https:\/\/hostelachalay.com\/pt\/wp-json\/wp\/v2\/pages\/669\/revisions"}],"predecessor-version":[{"id":1852,"href":"https:\/\/hostelachalay.com\/pt\/wp-json\/wp\/v2\/pages\/669\/revisions\/1852"}],"wp:attachment":[{"href":"https:\/\/hostelachalay.com\/pt\/wp-json\/wp\/v2\/media?parent=669"}],"curies":[{"name":"wp","href":"https:\/\/api.w.org\/{rel}","templated":true}]}}